{"id":15610,"date":"2022-03-16T17:49:52","date_gmt":"2022-03-16T15:49:52","guid":{"rendered":"https:\/\/acsglobal.ro\/?page_id=15610"},"modified":"2022-03-16T17:49:53","modified_gmt":"2022-03-16T15:49:53","slug":"politica-cookies","status":"publish","type":"page","link":"https:\/\/acsglobal.ro\/en\/politica-cookies\/","title":{"rendered":"Cookies Policy"},"content":{"rendered":"<p><\/p>\n\n\n\n<p>Acest site folose\u0219te cookie-uri pentru o mai bun\u0103 experien\u021b\u0103 de vizitare. Prin continuarea navig\u0103rii, sunte\u021bi de acord cu modul de utilizare al acestor informa\u021bii. Afla\u021bi detalii&nbsp;aici.<\/p>\n\n\n\n<p>Prezenta Politic\u0103 privind fi\u0219ierele cookies se aplic\u0103 tuturor utilizatorilor paginii de internet acsglobal.ro. Informa\u021biile prezentate \u00een continuare au ca scop informarea utilizatorilor acestei pagini de internet cu privire la plasarea, utilizarea \u0219i administrarea cookie-urilor de c\u0103tre acsglobal.ro \u00een contextul navig\u0103rii utilizatorilor pe aceast\u0103 pagin\u0103 de internet.<\/p>\n\n\n\n<p>Aceast\u0103 pagin\u0103 de internet folose\u0219te fi\u0219iere de tip cookie, date care sunt stocate pe hard disk-ul utilizatorului, con\u0163in\u00e2nd informa\u0163ii despre acesta. Folosirea mecanismului de tip cookie reprezint\u0103 un avantaj \u00een folosul vizitatorilor, acesta permi\u0163\u00e2nd memorarea unor op\u0163iuni de navigare \u00een site precum limba \u00een care se afi\u015feaz\u0103 site-ul, tip de filtre care se aplic\u0103 la afi\u015farea anumitor pagini, memorarea numelui de utilizator \u015fi a parolei pentru un acces rapid la con\u0163inutul site-ului. Neacceptarea unui cookie nu \u00eenseamn\u0103 c\u0103 utilizatorului \u00eei va fi refuzat accesul de navigare \u00een site sau de citire a con\u0163inutului acestuia. Cu ajutorul cookie-urilor, proprietarii de site-uri pot monitoriza \u015fi segmenta interesele utilizatorilor fa\u0163\u0103 de anumite zone sau aplica\u0163ii ale site-ului, fapt care le permite ulterior \u00eembun\u0103t\u0103\u0163irea experin\u0163ei de navigare, introducerea unui con\u0163inut relevant pentru utilizator etc.<\/p>\n\n\n\n<p>Cookie-urile reprezint\u0103 punctul central al func\u0163ion\u0103rii eficiente a Internetului, ajut\u00e2nd la generarea unei experien\u0163e de navigare prietenoase \u015fi adaptat\u0103 preferin\u0163elor \u015fi intereselor fiec\u0103rui utilizator. Refuzarea sau dezactivarea cookie-urilor poate face unele site-uri imposibil de folosit.<\/p>\n\n\n\n<p>Folosim termenul \u201ecookie\u201d-uri pentru a ne referi la modulele cookie \u0219i la tehnologiile similare prin intermediul c\u0103rora pot fi colectate informa\u021bii \u00een mod automat.<\/p>\n\n\n\n<p>Un \u201eInternet Cookie\u201d (termen cunoscut \u0219i sub denumirea de \u201ebrowser cookie\u201d sau \u201eHTTP cookie\u201d ori \u201ecookie\u201d) reprezint\u0103 un fi\u0219ier de mici dimensiuni, format din litere \u0219i numere, care va fi stocat pe computerul, terminalul mobil sau pe alte echipamente ale unui utilizator prin intermediul c\u0103rora se acceseaz\u0103 internetul.<\/p>\n\n\n\n<p>Cookie-urile sunt instalate prin solicitarea emis\u0103 de un web-server c\u0103tre un browser (de ex.: Internet Explorer, Firefox, Chrome). Cookie-urile odat\u0103 instalate au o durat\u0103 de existen\u021b\u0103 determinat\u0103, r\u0103m\u00e2n\u00e2nd \u201epasive\u201d, \u00een sensul c\u0103 nu con\u021bin programe software, viru\u0219i sau spyware \u0219i nu vor accesa informa\u021biile de pe hard discul utilizatorului pe al c\u0103rui echipament au fost instalate.<\/p>\n\n\n\n<p>Un cookie este format din dou\u0103 p\u0103r\u021bi: numele cookie-ului \u0219i con\u021binutul sau valoarea cookie-ului. Din punct de vedere tehnic, doar web-serverul care a trimis cookie-ul \u00eel poate accesa din nou \u00een momentul \u00een care un utilizator se \u00eentoarce pe pagina de internet asociat\u0103 web-serverului respectiv.<\/p>\n\n\n\n<p>Cookie-urile sunt utilizate pentru a furniza utilizatorilor acestei pagini de internet o experien\u021b\u0103 mai bun\u0103 de navigare \u0219i servicii adaptate nevoilor \u0219i interesului fiec\u0103rui utilizator \u00een parte \u0219i anume pentru:<\/p>\n\n\n\n<p><br>\u2013 \u00eembun\u0103t\u0103\u021birea utiliz\u0103rii acestei pagini de internet, inclusiv prin identificarea oric\u0103ror erori care apar \u00een timpul vizit\u0103rii\/utiliz\u0103rii acesteia de c\u0103tre utilizatori;<\/p>\n\n\n\n<p>\u2013&nbsp;\u00een preg\u0103tirea unor statistici anonime agregate care ne ajut\u0103 s\u0103 \u00een\u0163elegem cum un utilizator beneficiaz\u0103 de paginile noastre web, permi\u0163\u00e2ndu-ne \u00eembun\u0103t\u0103\u0163irea structurii \u015fi con\u0163inutului lor, excluz\u00e2nd indentificarea personal\u0103 a utilizatorului.<\/p>\n\n\n\n<p>\u2013 anticiparea bunurilor care sunt puse la dispozi\u021bia utilizatorilor prin intermediul acestei pagini de internet, \u00een func\u021bie de serviciile\/produsele accesate.<\/p>\n\n\n\n<p>Pe baza feedback-ului transmis prin cookie-uri \u00een leg\u0103tur\u0103 cu modul \u00een care se utilizeaz\u0103 aceast\u0103 pagin\u0103 de internet, acsglobal.ro poate adopta m\u0103suri pentru ca aceast\u0103 pagin\u0103 de internet s\u0103 fie mai eficient\u0103 \u0219i mai accesibil\u0103 pentru utilizatori&nbsp;\u015fi sus\u0163in eforturile noastre pentru a oferi servicii comfortabile utilizatorilor: ex: \u2013 preferin\u0163ele \u00een materie de confiden\u0163ialitate online, co\u015ful de cump\u0103r\u0103turi sau publicitate relevant\u0103.<\/p>\n\n\n\n<p>Exemple de \u00eentrebuin\u0163\u0103ri importante ale cookie-urilor (care nu necesit\u0103 autentificarea unui utilizator prin intermediul unui cont):<\/p>\n\n\n\n<ul class=\"wp-block-list\"><li>Con\u0163inut \u015fi servicii adaptate preferin\u0163elor utilizatorului \u2013 categorii de produse \u015fi servicii.<\/li><li>Oferte adaptate pe interesele utilizatorilor \u2013 re\u0163inerea parolelor.<\/li><li>Re\u0163inerea filtrelor de protec\u0163ie a copiilor privind con\u0163inutul pe Internet (op\u0163iuni family mode, func\u0163ii de safe search).<\/li><li>Limitarea frecven\u0163ei de difuzare a reclamelor \u2013 limitarea num\u0103rului de afi\u015fari a unei reclame pentru un anumit utilizator pe un site.<\/li><li>Furnizarea de publicitate mai relevant\u0103 pentru utilizator.<\/li><li>M\u0103surarea, optimizarea \u015fi caracteristicile de analytics \u2013 cum ar fi confirmarea unui anumit nivel de trafic pe un website, ce tip de con\u0163inut este vizualizat \u015fi modul cum un utilizator ajunge pe un website (ex: prin motoare de c\u0103utare, direct, din alte website-uri etc.). Website-urile deruleaz\u0103 aceste analize a utiliz\u0103rii lor pentru a \u00eembun\u0103t\u0103\u0163i site-urile \u00een beneficiul utilizatorului.<\/li><\/ul>\n\n\n\n<p>Durata de via\u021b\u0103 a cookie-urilor poate varia semnificativ, depinz\u00e2nd de scopul pentru care este plasat. Exist\u0103 urm\u0103toarele categorii de cookie-uri care determin\u0103 \u0219i durata de via\u021b\u0103 a acestora:<\/p>\n\n\n\n<p>\u2013 Cookie-uri de sesiune \u2013 Un \u201ecookie de sesiune\u201d este un cookie care este \u0219ters automat c\u00e2nd utilizatorul \u00ee\u0219i \u00eenchide browserul.<\/p>\n\n\n\n<p>\u2013 Cookie-uri persistente sau fixe \u2013 Un \u201ecookie persistent\u201d sau \u201efix\u201d este un cookie care r\u0103m\u00e2ne stocat \u00een terminalul utilizatorului p\u00e2n\u0103 c\u00e2nd atinge o anumit\u0103 dat\u0103 de expirare (care poate fi \u00een c\u00e2teva minute, zile sau c\u00e2\u021biva ani \u00een viitor) sau p\u00e2n\u0103 la \u0219tergerea acestuia de c\u0103tre utilizator \u00een orice moment prin intermediul set\u0103rilor browserului.<\/p>\n\n\n\n<p>Anumite sec\u021biuni de con\u021binut de pe pagina de internet pot fi furnizate prin intermediul unor ter\u021bi, adic\u0103 nu de c\u0103tre acsglobal.ro, caz \u00een care aceste cookie-uri sunt denumite cookie-uri plasate de ter\u021bi (\u201ethird party cookie-uri\u201d). Ter\u021bii furnizori ai cookie-urilor trebuie s\u0103 respecte, de asemenea, regulile \u00een materie de protec\u021bie a datelor \u0219i Politica de Confiden\u021bialitate. Aceste cookie-uri pot proveni de la urm\u0103torii ter\u021bi: Google Analytics, Facebook, Twitter sau Instagram.<\/p>\n\n\n\n<p><br>Prin utilizarea\/vizitarea paginii de internet pot fi plasate urm\u0103toarele cookie-uri:<\/p>\n\n\n\n<p>\u2013 Cookie-uri de performan\u021b\u0103 a paginii de internet;<br>\u2013 Cookie-uri de analiz\u0103 a utilizatorilor;<br>\u2013 Cookie-uri pentru geotargetting;<br>\u2013 Cookie-uri de \u00eenregistrare;<br>\u2013 Cookie-uri pentru publicitate;<br>\u2013 Cookie-uri ale furnizorilor de publicitate;<\/p>\n\n\n\n<p>Cookie-urile p\u0103streaz\u0103 informa\u021bii \u00eentr-un fi\u0219ier text de mici dimensiuni care permit recunoa\u0219terea browserului. Aceast\u0103 pagin\u0103 de Internet recunoa\u0219te browserul p\u00e2n\u0103 c\u00e2nd cookie-urile expir\u0103 sau sunt \u0219terse.<\/p>\n\n\n\n<p>\u00cen cazul \u00een care utilizarea cookie-urilor nu este deranjant\u0103, iar calculatorul sau echipamentul tehnic utilizat pentru navigarea pe aceast\u0103 pagin\u0103 de internet este folosit doar de c\u0103tre dumneavoastr\u0103, pot fi setate termene lungi de expirare pentru stocarea istoricului de navigare. \u00cen cazul \u00een care calculatorul sau echipamentul tehnic utilizat pentru navigarea pe aceast\u0103 pagin\u0103 de Internet este folosit de mai multe persoane, poate fi luat\u0103 \u00een considerare setarea pentru \u0219tergerea datelor individuale de navigare de fiecare dat\u0103 c\u00e2nd browserul este \u00eenchis.<\/p>\n\n\n\n<p>Dezactivarea \u0219i refuzul de a primi cookie-uri pot face aceast\u0103 pagin\u0103 de internet dificil de vizitat, atr\u0103g\u00e2nd dup\u0103 sine limit\u0103ri ale posibilit\u0103\u021bilor de utilizare ale acesteia.<\/p>\n\n\n\n<p>Utilizatorii \u00ee\u0219i pot configura browserul s\u0103 resping\u0103 fi\u0219ierele cookie sau s\u0103 fie acceptate cookie-uri de la o pagin\u0103 de Internet anume.<\/p>\n\n\n\n<p>Toate browserele moderne ofer\u0103 posibilitatea de a schimba set\u0103rile cookie-urilor. Aceste set\u0103ri pot fi accesate, ca regul\u0103, \u00een sec\u021biunea \u201eop\u021biuni\u201d sau \u00een meniul de \u201epreferin\u021be\u201d al browserului t\u0103u.<\/p>\n\n\n\n<p>Cookie-urile \u00een sine nu solicit\u0103 informa\u0163ii cu caracter personal pentru a putea fi utilizate \u015fi, \u00een cele mai multe cazuri, nu identific\u0103 personal utilizatorii de Internet. Datele personale colectate prin utilizarea cookie-urilor pot fi colectate doar pentru a facilita anumite func\u0163ionalit\u0103\u0163i pentru utilizator. Atare date sunt criptate \u00eentr-un mod care face imposibil accesul persoanelor neautorizate la ele.<\/p>\n\n\n\n<p>Totu\u0219i, refuzarea sau dezactivarea cookie-urilor nu \u00eenseamn\u0103 c\u0103 nu ve\u021bi mai primi publicitate online \u2013 ci doar ca aceasta nu va fi adaptat\u0103 preferin\u021belor \u0219i interesele dumneavoastr\u0103, eviden\u021biate prin comportamentul de navigare.<\/p>","protected":false},"excerpt":{"rendered":"<p>Acest site folose\u0219te cookie-uri pentru o mai bun\u0103 experien\u021b\u0103 de vizitare. Prin continuarea navig\u0103rii, sunte\u021bi de acord cu modul de utilizare al acestor informa\u021bii. Afla\u021bi detalii&nbsp;aici. Prezenta Politic\u0103 privind fi\u0219ierele cookies se aplic\u0103 tuturor utilizatorilor paginii de internet acsglobal.ro. Informa\u021biile prezentate \u00een continuare au ca scop informarea utilizatorilor acestei pagini de internet cu privire la [&hellip;]<\/p>\n","protected":false},"author":1,"featured_media":0,"parent":0,"menu_order":0,"comment_status":"closed","ping_status":"closed","template":"","meta":{"footnotes":""},"class_list":["post-15610","page","type-page","status-publish","hentry","cms-has-post-thumbnail"],"_links":{"self":[{"href":"https:\/\/acsglobal.ro\/en\/wp-json\/wp\/v2\/pages\/15610","targetHints":{"allow":["GET"]}}],"collection":[{"href":"https:\/\/acsglobal.ro\/en\/wp-json\/wp\/v2\/pages"}],"about":[{"href":"https:\/\/acsglobal.ro\/en\/wp-json\/wp\/v2\/types\/page"}],"author":[{"embeddable":true,"href":"https:\/\/acsglobal.ro\/en\/wp-json\/wp\/v2\/users\/1"}],"replies":[{"embeddable":true,"href":"https:\/\/acsglobal.ro\/en\/wp-json\/wp\/v2\/comments?post=15610"}],"version-history":[{"count":1,"href":"https:\/\/acsglobal.ro\/en\/wp-json\/wp\/v2\/pages\/15610\/revisions"}],"predecessor-version":[{"id":15611,"href":"https:\/\/acsglobal.ro\/en\/wp-json\/wp\/v2\/pages\/15610\/revisions\/15611"}],"wp:attachment":[{"href":"https:\/\/acsglobal.ro\/en\/wp-json\/wp\/v2\/media?parent=15610"}],"curies":[{"name":"wp","href":"https:\/\/api.w.org\/{rel}","templated":true}]}}