{"id":13322,"date":"2021-12-16T09:09:12","date_gmt":"2021-12-16T07:09:12","guid":{"rendered":"https:\/\/acsglobal.ro\/product\/klp-cv-18-piesa-cui-metalic-18mm\/"},"modified":"2021-12-16T09:09:12","modified_gmt":"2021-12-16T07:09:12","slug":"klp-cv-18-piesa-cui-metalic-18mm","status":"publish","type":"product","link":"https:\/\/acsglobal.ro\/en\/product\/klp-cv-18-piesa-cui-metalic-18mm\/","title":{"rendered":"KLP-CV.18 PIES\u0102 CUI METALIC 18MM"},"content":{"rendered":"","protected":false},"excerpt":{"rendered":"<p>Pies\u0103 metalic\u0103 cu un cui de lungime 18 mm folosit\u0103 pentru prinderea aplicelor de lemn<\/p>","protected":false},"featured_media":13320,"template":"","meta":[],"product_brand":[],"product_cat":[73,53],"product_tag":[],"class_list":{"0":"post-13322","1":"product","2":"type-product","3":"status-publish","4":"has-post-thumbnail","6":"product_cat-accesorii-brate-lemn","7":"product_cat-brate-canapele","8":"cms-has-post-thumbnail","10":"first","11":"instock","12":"shipping-taxable","13":"purchasable","14":"product-type-simple"},"_links":{"self":[{"href":"https:\/\/acsglobal.ro\/en\/wp-json\/wp\/v2\/product\/13322","targetHints":{"allow":["GET"]}}],"collection":[{"href":"https:\/\/acsglobal.ro\/en\/wp-json\/wp\/v2\/product"}],"about":[{"href":"https:\/\/acsglobal.ro\/en\/wp-json\/wp\/v2\/types\/product"}],"wp:featuredmedia":[{"embeddable":true,"href":"https:\/\/acsglobal.ro\/en\/wp-json\/wp\/v2\/media\/13320"}],"wp:attachment":[{"href":"https:\/\/acsglobal.ro\/en\/wp-json\/wp\/v2\/media?parent=13322"}],"wp:term":[{"taxonomy":"product_brand","embeddable":true,"href":"https:\/\/acsglobal.ro\/en\/wp-json\/wp\/v2\/product_brand?post=13322"},{"taxonomy":"product_cat","embeddable":true,"href":"https:\/\/acsglobal.ro\/en\/wp-json\/wp\/v2\/product_cat?post=13322"},{"taxonomy":"product_tag","embeddable":true,"href":"https:\/\/acsglobal.ro\/en\/wp-json\/wp\/v2\/product_tag?post=13322"}],"curies":[{"name":"wp","href":"https:\/\/api.w.org\/{rel}","templated":true}]}}