{"id":13965,"date":"2021-12-16T09:25:54","date_gmt":"2021-12-16T07:25:54","guid":{"rendered":"https:\/\/acsglobal.ro\/product\/m05-balama-sertar-mare-dubla-deschidere\/"},"modified":"2021-12-16T09:25:54","modified_gmt":"2021-12-16T07:25:54","slug":"m05-balama-sertar-mare-dubla-deschidere","status":"publish","type":"product","link":"https:\/\/acsglobal.ro\/en\/product\/m05-balama-sertar-mare-dubla-deschidere\/","title":{"rendered":"M05 \u2013 BALAMA SERTAR MARE, DUBL\u0102 DESCHIDERE"},"content":{"rendered":"","protected":false},"excerpt":{"rendered":"<p>Mecanism care impreun\u0103 cu, sau f\u0103r\u0103 \u0219ina de glisare, folose\u0219te la extinderea p\u0103r\u021bii inferioare a canapelei; deschiderea se face printr-o mi\u0219care semicircular\u0103<\/p>","protected":false},"featured_media":13959,"template":"","meta":[],"product_brand":[],"product_cat":[78,55],"product_tag":[],"class_list":{"0":"post-13965","1":"product","2":"type-product","3":"status-publish","4":"has-post-thumbnail","6":"product_cat-balamale","7":"product_cat-mecanisme","8":"cms-has-post-thumbnail","10":"first","11":"instock","12":"shipping-taxable","13":"purchasable","14":"product-type-simple"},"_links":{"self":[{"href":"https:\/\/acsglobal.ro\/en\/wp-json\/wp\/v2\/product\/13965","targetHints":{"allow":["GET"]}}],"collection":[{"href":"https:\/\/acsglobal.ro\/en\/wp-json\/wp\/v2\/product"}],"about":[{"href":"https:\/\/acsglobal.ro\/en\/wp-json\/wp\/v2\/types\/product"}],"wp:featuredmedia":[{"embeddable":true,"href":"https:\/\/acsglobal.ro\/en\/wp-json\/wp\/v2\/media\/13959"}],"wp:attachment":[{"href":"https:\/\/acsglobal.ro\/en\/wp-json\/wp\/v2\/media?parent=13965"}],"wp:term":[{"taxonomy":"product_brand","embeddable":true,"href":"https:\/\/acsglobal.ro\/en\/wp-json\/wp\/v2\/product_brand?post=13965"},{"taxonomy":"product_cat","embeddable":true,"href":"https:\/\/acsglobal.ro\/en\/wp-json\/wp\/v2\/product_cat?post=13965"},{"taxonomy":"product_tag","embeddable":true,"href":"https:\/\/acsglobal.ro\/en\/wp-json\/wp\/v2\/product_tag?post=13965"}],"curies":[{"name":"wp","href":"https:\/\/api.w.org\/{rel}","templated":true}]}}