{"id":13978,"date":"2021-12-16T09:26:06","date_gmt":"2021-12-16T07:26:06","guid":{"rendered":"https:\/\/acsglobal.ro\/product\/m02-euro-balama-pentru-lada-mica\/"},"modified":"2021-12-16T09:26:06","modified_gmt":"2021-12-16T07:26:06","slug":"m02-euro-balama-pentru-lada-mica","status":"publish","type":"product","link":"https:\/\/acsglobal.ro\/en\/product\/m02-euro-balama-pentru-lada-mica\/","title":{"rendered":"M02 \u2013 EURO BALAMA PENTRU LAD\u0102 MIC\u0102"},"content":{"rendered":"","protected":false},"excerpt":{"rendered":"<p>Permite deschiderea extensiilor de col\u021b \u0219i a pufurilor canapelei cu 60 de grade cu ajutorul arcurilor. Permite ca partea interioar\u0103 a scheletului s\u0103 fie folosit\u0103 ca un cuf\u0103r. (arcul nu este inclus)<\/p>","protected":false},"featured_media":13972,"template":"","meta":[],"product_brand":[],"product_cat":[78,55],"product_tag":[],"class_list":{"0":"post-13978","1":"product","2":"type-product","3":"status-publish","4":"has-post-thumbnail","6":"product_cat-balamale","7":"product_cat-mecanisme","8":"cms-has-post-thumbnail","10":"first","11":"instock","12":"shipping-taxable","13":"purchasable","14":"product-type-simple"},"_links":{"self":[{"href":"https:\/\/acsglobal.ro\/en\/wp-json\/wp\/v2\/product\/13978","targetHints":{"allow":["GET"]}}],"collection":[{"href":"https:\/\/acsglobal.ro\/en\/wp-json\/wp\/v2\/product"}],"about":[{"href":"https:\/\/acsglobal.ro\/en\/wp-json\/wp\/v2\/types\/product"}],"wp:featuredmedia":[{"embeddable":true,"href":"https:\/\/acsglobal.ro\/en\/wp-json\/wp\/v2\/media\/13972"}],"wp:attachment":[{"href":"https:\/\/acsglobal.ro\/en\/wp-json\/wp\/v2\/media?parent=13978"}],"wp:term":[{"taxonomy":"product_brand","embeddable":true,"href":"https:\/\/acsglobal.ro\/en\/wp-json\/wp\/v2\/product_brand?post=13978"},{"taxonomy":"product_cat","embeddable":true,"href":"https:\/\/acsglobal.ro\/en\/wp-json\/wp\/v2\/product_cat?post=13978"},{"taxonomy":"product_tag","embeddable":true,"href":"https:\/\/acsglobal.ro\/en\/wp-json\/wp\/v2\/product_tag?post=13978"}],"curies":[{"name":"wp","href":"https:\/\/api.w.org\/{rel}","templated":true}]}}