{"id":13992,"date":"2021-12-16T09:26:18","date_gmt":"2021-12-16T07:26:18","guid":{"rendered":"https:\/\/acsglobal.ro\/product\/m18-balama-pentru-lada-medie\/"},"modified":"2021-12-16T09:26:18","modified_gmt":"2021-12-16T07:26:18","slug":"m18-balama-pentru-lada-medie","status":"publish","type":"product","link":"https:\/\/acsglobal.ro\/en\/product\/m18-balama-pentru-lada-medie\/","title":{"rendered":"M18 \u2013 BALAMA PENTRU LAD\u0102 MEDIE"},"content":{"rendered":"","protected":false},"excerpt":{"rendered":"<p>Permite deschiderea fontului de scaune al canapelelor cu volum mare \u0219i al seturilor de col\u021b cu 45 de grade cu ajutorul unui arc. Permite ca partea interioar\u0103 a scheletului s\u0103 fie folosit\u0103 ca un cuf\u0103r. (Arc exclus)<\/p>","protected":false},"featured_media":13986,"template":"","meta":[],"product_brand":[],"product_cat":[78,55],"product_tag":[],"class_list":{"0":"post-13992","1":"product","2":"type-product","3":"status-publish","4":"has-post-thumbnail","6":"product_cat-balamale","7":"product_cat-mecanisme","8":"cms-has-post-thumbnail","10":"first","11":"instock","12":"shipping-taxable","13":"purchasable","14":"product-type-simple"},"_links":{"self":[{"href":"https:\/\/acsglobal.ro\/en\/wp-json\/wp\/v2\/product\/13992","targetHints":{"allow":["GET"]}}],"collection":[{"href":"https:\/\/acsglobal.ro\/en\/wp-json\/wp\/v2\/product"}],"about":[{"href":"https:\/\/acsglobal.ro\/en\/wp-json\/wp\/v2\/types\/product"}],"wp:featuredmedia":[{"embeddable":true,"href":"https:\/\/acsglobal.ro\/en\/wp-json\/wp\/v2\/media\/13986"}],"wp:attachment":[{"href":"https:\/\/acsglobal.ro\/en\/wp-json\/wp\/v2\/media?parent=13992"}],"wp:term":[{"taxonomy":"product_brand","embeddable":true,"href":"https:\/\/acsglobal.ro\/en\/wp-json\/wp\/v2\/product_brand?post=13992"},{"taxonomy":"product_cat","embeddable":true,"href":"https:\/\/acsglobal.ro\/en\/wp-json\/wp\/v2\/product_cat?post=13992"},{"taxonomy":"product_tag","embeddable":true,"href":"https:\/\/acsglobal.ro\/en\/wp-json\/wp\/v2\/product_tag?post=13992"}],"curies":[{"name":"wp","href":"https:\/\/api.w.org\/{rel}","templated":true}]}}