{"id":14012,"date":"2021-12-16T09:26:43","date_gmt":"2021-12-16T07:26:43","guid":{"rendered":"https:\/\/acsglobal.ro\/product\/m13-balama-simpla\/"},"modified":"2021-12-16T09:26:43","modified_gmt":"2021-12-16T07:26:43","slug":"m13-balama-simpla","status":"publish","type":"product","link":"https:\/\/acsglobal.ro\/en\/product\/m13-balama-simpla\/","title":{"rendered":"M13 \u2013 BALAMA SIMPL\u0102"},"content":{"rendered":"","protected":false},"excerpt":{"rendered":"<p>Balama aripi plane cu nervur\u0103 central\u0103 pentru m\u0103rirea rezisten\u0163ei<\/p>","protected":false},"featured_media":14009,"template":"","meta":[],"product_brand":[],"product_cat":[78,55],"product_tag":[],"class_list":{"0":"post-14012","1":"product","2":"type-product","3":"status-publish","4":"has-post-thumbnail","6":"product_cat-balamale","7":"product_cat-mecanisme","8":"cms-has-post-thumbnail","10":"first","11":"instock","12":"shipping-taxable","13":"purchasable","14":"product-type-simple"},"_links":{"self":[{"href":"https:\/\/acsglobal.ro\/en\/wp-json\/wp\/v2\/product\/14012","targetHints":{"allow":["GET"]}}],"collection":[{"href":"https:\/\/acsglobal.ro\/en\/wp-json\/wp\/v2\/product"}],"about":[{"href":"https:\/\/acsglobal.ro\/en\/wp-json\/wp\/v2\/types\/product"}],"wp:featuredmedia":[{"embeddable":true,"href":"https:\/\/acsglobal.ro\/en\/wp-json\/wp\/v2\/media\/14009"}],"wp:attachment":[{"href":"https:\/\/acsglobal.ro\/en\/wp-json\/wp\/v2\/media?parent=14012"}],"wp:term":[{"taxonomy":"product_brand","embeddable":true,"href":"https:\/\/acsglobal.ro\/en\/wp-json\/wp\/v2\/product_brand?post=14012"},{"taxonomy":"product_cat","embeddable":true,"href":"https:\/\/acsglobal.ro\/en\/wp-json\/wp\/v2\/product_cat?post=14012"},{"taxonomy":"product_tag","embeddable":true,"href":"https:\/\/acsglobal.ro\/en\/wp-json\/wp\/v2\/product_tag?post=14012"}],"curies":[{"name":"wp","href":"https:\/\/api.w.org\/{rel}","templated":true}]}}