{"id":14019,"date":"2021-12-16T09:26:49","date_gmt":"2021-12-16T07:26:49","guid":{"rendered":"https:\/\/acsglobal.ro\/product\/m19-balama-pentru-lada-mare\/"},"modified":"2021-12-16T09:26:49","modified_gmt":"2021-12-16T07:26:49","slug":"m19-balama-pentru-lada-mare","status":"publish","type":"product","link":"https:\/\/acsglobal.ro\/en\/product\/m19-balama-pentru-lada-mare\/","title":{"rendered":"M19 \u2013 BALAMA PENTRU LAD\u0102 MARE"},"content":{"rendered":"","protected":false},"excerpt":{"rendered":"<p>Permite deschiderea fontului de scaune al canapelelor cu volum mare \u0219i al seturilor de col\u021b cu 45 de grade cu ajutorul unui arc. Permite ca partea interioar\u0103 a scheletului s\u0103 fie folosit\u0103 ca un cuf\u0103r. (arcul nu este inclus)<\/p>","protected":false},"featured_media":14013,"template":"","meta":[],"product_brand":[],"product_cat":[78,55],"product_tag":[],"class_list":{"0":"post-14019","1":"product","2":"type-product","3":"status-publish","4":"has-post-thumbnail","6":"product_cat-balamale","7":"product_cat-mecanisme","8":"cms-has-post-thumbnail","10":"first","11":"instock","12":"shipping-taxable","13":"purchasable","14":"product-type-simple"},"_links":{"self":[{"href":"https:\/\/acsglobal.ro\/en\/wp-json\/wp\/v2\/product\/14019","targetHints":{"allow":["GET"]}}],"collection":[{"href":"https:\/\/acsglobal.ro\/en\/wp-json\/wp\/v2\/product"}],"about":[{"href":"https:\/\/acsglobal.ro\/en\/wp-json\/wp\/v2\/types\/product"}],"wp:featuredmedia":[{"embeddable":true,"href":"https:\/\/acsglobal.ro\/en\/wp-json\/wp\/v2\/media\/14013"}],"wp:attachment":[{"href":"https:\/\/acsglobal.ro\/en\/wp-json\/wp\/v2\/media?parent=14019"}],"wp:term":[{"taxonomy":"product_brand","embeddable":true,"href":"https:\/\/acsglobal.ro\/en\/wp-json\/wp\/v2\/product_brand?post=14019"},{"taxonomy":"product_cat","embeddable":true,"href":"https:\/\/acsglobal.ro\/en\/wp-json\/wp\/v2\/product_cat?post=14019"},{"taxonomy":"product_tag","embeddable":true,"href":"https:\/\/acsglobal.ro\/en\/wp-json\/wp\/v2\/product_tag?post=14019"}],"curies":[{"name":"wp","href":"https:\/\/api.w.org\/{rel}","templated":true}]}}