{"id":14029,"date":"2021-12-16T09:27:03","date_gmt":"2021-12-16T07:27:03","guid":{"rendered":"https:\/\/acsglobal.ro\/product\/ls-opritor-cilindric-somiera-plastic\/"},"modified":"2021-12-16T09:27:03","modified_gmt":"2021-12-16T07:27:03","slug":"ls-opritor-cilindric-somiera-plastic","status":"publish","type":"product","link":"https:\/\/acsglobal.ro\/en\/product\/ls-opritor-cilindric-somiera-plastic\/","title":{"rendered":"LS \u2013 OPRITOR CILINDRIC SOMIER\u0102, PLASTIC"},"content":{"rendered":"","protected":false},"excerpt":{"rendered":"<p>Limitator inferior pentru somier\u0103 metalic\u0103<\/p>","protected":false},"featured_media":14028,"template":"","meta":[],"product_brand":[],"product_cat":[79,55],"product_tag":[],"class_list":{"0":"post-14029","1":"product","2":"type-product","3":"status-publish","4":"has-post-thumbnail","6":"product_cat-accesorii-balamale","7":"product_cat-mecanisme","8":"cms-has-post-thumbnail","10":"first","11":"instock","12":"shipping-taxable","13":"purchasable","14":"product-type-simple"},"_links":{"self":[{"href":"https:\/\/acsglobal.ro\/en\/wp-json\/wp\/v2\/product\/14029","targetHints":{"allow":["GET"]}}],"collection":[{"href":"https:\/\/acsglobal.ro\/en\/wp-json\/wp\/v2\/product"}],"about":[{"href":"https:\/\/acsglobal.ro\/en\/wp-json\/wp\/v2\/types\/product"}],"wp:featuredmedia":[{"embeddable":true,"href":"https:\/\/acsglobal.ro\/en\/wp-json\/wp\/v2\/media\/14028"}],"wp:attachment":[{"href":"https:\/\/acsglobal.ro\/en\/wp-json\/wp\/v2\/media?parent=14029"}],"wp:term":[{"taxonomy":"product_brand","embeddable":true,"href":"https:\/\/acsglobal.ro\/en\/wp-json\/wp\/v2\/product_brand?post=14029"},{"taxonomy":"product_cat","embeddable":true,"href":"https:\/\/acsglobal.ro\/en\/wp-json\/wp\/v2\/product_cat?post=14029"},{"taxonomy":"product_tag","embeddable":true,"href":"https:\/\/acsglobal.ro\/en\/wp-json\/wp\/v2\/product_tag?post=14029"}],"curies":[{"name":"wp","href":"https:\/\/api.w.org\/{rel}","templated":true}]}}