{"id":14048,"date":"2021-12-16T09:27:31","date_gmt":"2021-12-16T07:27:31","guid":{"rendered":"https:\/\/acsglobal.ro\/product\/mm010-m02-arc-pentru-balama-lada-mica\/"},"modified":"2021-12-16T09:27:31","modified_gmt":"2021-12-16T07:27:31","slug":"mm010-m02-arc-pentru-balama-lada-mica","status":"publish","type":"product","link":"https:\/\/acsglobal.ro\/en\/product\/mm010-m02-arc-pentru-balama-lada-mica\/","title":{"rendered":"MM010\/M02 \u2013 ARC PENTRU BALAMA LAD\u0102 MIC\u0102"},"content":{"rendered":"","protected":false},"excerpt":{"rendered":"<p>MM010 arc pentru balamaua M02 (lad\u0103 mic\u0103)<\/p>","protected":false},"featured_media":14047,"template":"","meta":[],"product_brand":[],"product_cat":[79,55],"product_tag":[],"class_list":{"0":"post-14048","1":"product","2":"type-product","3":"status-publish","4":"has-post-thumbnail","6":"product_cat-accesorii-balamale","7":"product_cat-mecanisme","8":"cms-has-post-thumbnail","10":"first","11":"instock","12":"shipping-taxable","13":"purchasable","14":"product-type-simple"},"_links":{"self":[{"href":"https:\/\/acsglobal.ro\/en\/wp-json\/wp\/v2\/product\/14048","targetHints":{"allow":["GET"]}}],"collection":[{"href":"https:\/\/acsglobal.ro\/en\/wp-json\/wp\/v2\/product"}],"about":[{"href":"https:\/\/acsglobal.ro\/en\/wp-json\/wp\/v2\/types\/product"}],"wp:featuredmedia":[{"embeddable":true,"href":"https:\/\/acsglobal.ro\/en\/wp-json\/wp\/v2\/media\/14047"}],"wp:attachment":[{"href":"https:\/\/acsglobal.ro\/en\/wp-json\/wp\/v2\/media?parent=14048"}],"wp:term":[{"taxonomy":"product_brand","embeddable":true,"href":"https:\/\/acsglobal.ro\/en\/wp-json\/wp\/v2\/product_brand?post=14048"},{"taxonomy":"product_cat","embeddable":true,"href":"https:\/\/acsglobal.ro\/en\/wp-json\/wp\/v2\/product_cat?post=14048"},{"taxonomy":"product_tag","embeddable":true,"href":"https:\/\/acsglobal.ro\/en\/wp-json\/wp\/v2\/product_tag?post=14048"}],"curies":[{"name":"wp","href":"https:\/\/api.w.org\/{rel}","templated":true}]}}