{"id":14056,"date":"2021-12-16T09:27:43","date_gmt":"2021-12-16T07:27:43","guid":{"rendered":"https:\/\/acsglobal.ro\/product\/somiera-metalica-880x1980-pentru-pat-900-x-2000-mm\/"},"modified":"2022-03-11T10:46:01","modified_gmt":"2022-03-11T08:46:01","slug":"somiera-metalica-880x1980-pentru-pat-900-x-2000-mm","status":"publish","type":"product","link":"https:\/\/acsglobal.ro\/en\/product\/somiera-metalica-880x1980-pentru-pat-900-x-2000-mm\/","title":{"rendered":"SOMIER\u0102 METALIC\u0102 (880X1980) PENTRU PAT  900 X 2000 MM"},"content":{"rendered":"","protected":false},"excerpt":{"rendered":"<p>Somier\u0103 vopsit\u0103 cu vopsea neagr\u0103, pachetul con\u0163ine:<\/p>\n<p>\u0162EAV\u0102 RECTANGULAR\u0102: 30x30x1,2mm<\/p>\n<p>ELEMENTE ELASTICE PLOP: 1&#215;14 buc<\/p>\n<p>COL\u0162ARE METAL: 4 buc<\/p>\n<p>COL\u0162ARE PLASTIC: 4 buc<\/p>","protected":false},"featured_media":14054,"template":"","meta":[],"product_brand":[],"product_cat":[55,80],"product_tag":[],"class_list":{"0":"post-14056","1":"product","2":"type-product","3":"status-publish","4":"has-post-thumbnail","6":"product_cat-mecanisme","7":"product_cat-somiere-pat","8":"cms-has-post-thumbnail","10":"first","11":"instock","12":"shipping-taxable","13":"purchasable","14":"product-type-simple"},"_links":{"self":[{"href":"https:\/\/acsglobal.ro\/en\/wp-json\/wp\/v2\/product\/14056","targetHints":{"allow":["GET"]}}],"collection":[{"href":"https:\/\/acsglobal.ro\/en\/wp-json\/wp\/v2\/product"}],"about":[{"href":"https:\/\/acsglobal.ro\/en\/wp-json\/wp\/v2\/types\/product"}],"wp:featuredmedia":[{"embeddable":true,"href":"https:\/\/acsglobal.ro\/en\/wp-json\/wp\/v2\/media\/14054"}],"wp:attachment":[{"href":"https:\/\/acsglobal.ro\/en\/wp-json\/wp\/v2\/media?parent=14056"}],"wp:term":[{"taxonomy":"product_brand","embeddable":true,"href":"https:\/\/acsglobal.ro\/en\/wp-json\/wp\/v2\/product_brand?post=14056"},{"taxonomy":"product_cat","embeddable":true,"href":"https:\/\/acsglobal.ro\/en\/wp-json\/wp\/v2\/product_cat?post=14056"},{"taxonomy":"product_tag","embeddable":true,"href":"https:\/\/acsglobal.ro\/en\/wp-json\/wp\/v2\/product_tag?post=14056"}],"curies":[{"name":"wp","href":"https:\/\/api.w.org\/{rel}","templated":true}]}}