{"id":14060,"date":"2021-12-16T09:27:47","date_gmt":"2021-12-16T07:27:47","guid":{"rendered":"https:\/\/acsglobal.ro\/product\/somiera-metalica-1380x1980-pentru-pat-1400-x-2000-mm\/"},"modified":"2021-12-16T09:27:47","modified_gmt":"2021-12-16T07:27:47","slug":"somiera-metalica-1380x1980-pentru-pat-1400-x-2000-mm","status":"publish","type":"product","link":"https:\/\/acsglobal.ro\/en\/product\/somiera-metalica-1380x1980-pentru-pat-1400-x-2000-mm\/","title":{"rendered":"SOMIER\u0102 METALIC\u0102 (1380X1980) PENTRU PAT 1400 X 2000 MM"},"content":{"rendered":"","protected":false},"excerpt":{"rendered":"<p>Somier\u0103 vopsit\u0103 cu vopsea neagr\u0103, pachetul con\u0163ine:<\/p>\n<p>\u0162EAV\u0102 RECTANGULAR\u0102: 30x30x1,2mm<\/p>\n<p>ELEMENTE ELASTICE PLOP: 1&#215;14 buc<\/p>\n<p>PICIOARE CILINDRICE METALICE: 6 buc<\/p>\n<p>COL\u0162ARE METAL: 4 buc<\/p>\n<p>COL\u0162ARE PLASTIC: 4 buc<\/p>","protected":false},"featured_media":14057,"template":"","meta":[],"product_brand":[],"product_cat":[55,80],"product_tag":[],"class_list":{"0":"post-14060","1":"product","2":"type-product","3":"status-publish","4":"has-post-thumbnail","6":"product_cat-mecanisme","7":"product_cat-somiere-pat","8":"cms-has-post-thumbnail","10":"first","11":"instock","12":"shipping-taxable","13":"purchasable","14":"product-type-simple"},"_links":{"self":[{"href":"https:\/\/acsglobal.ro\/en\/wp-json\/wp\/v2\/product\/14060","targetHints":{"allow":["GET"]}}],"collection":[{"href":"https:\/\/acsglobal.ro\/en\/wp-json\/wp\/v2\/product"}],"about":[{"href":"https:\/\/acsglobal.ro\/en\/wp-json\/wp\/v2\/types\/product"}],"wp:featuredmedia":[{"embeddable":true,"href":"https:\/\/acsglobal.ro\/en\/wp-json\/wp\/v2\/media\/14057"}],"wp:attachment":[{"href":"https:\/\/acsglobal.ro\/en\/wp-json\/wp\/v2\/media?parent=14060"}],"wp:term":[{"taxonomy":"product_brand","embeddable":true,"href":"https:\/\/acsglobal.ro\/en\/wp-json\/wp\/v2\/product_brand?post=14060"},{"taxonomy":"product_cat","embeddable":true,"href":"https:\/\/acsglobal.ro\/en\/wp-json\/wp\/v2\/product_cat?post=14060"},{"taxonomy":"product_tag","embeddable":true,"href":"https:\/\/acsglobal.ro\/en\/wp-json\/wp\/v2\/product_tag?post=14060"}],"curies":[{"name":"wp","href":"https:\/\/api.w.org\/{rel}","templated":true}]}}