{"id":14064,"date":"2021-12-16T09:27:51","date_gmt":"2021-12-16T07:27:51","guid":{"rendered":"https:\/\/acsglobal.ro\/product\/somiera-metalica-1580x1980-pentru-pat-1600-x-2000-mm\/"},"modified":"2021-12-16T09:27:51","modified_gmt":"2021-12-16T07:27:51","slug":"somiera-metalica-1580x1980-pentru-pat-1600-x-2000-mm","status":"publish","type":"product","link":"https:\/\/acsglobal.ro\/en\/product\/somiera-metalica-1580x1980-pentru-pat-1600-x-2000-mm\/","title":{"rendered":"SOMIER\u0102 METALIC\u0102 (1580X1980) PENTRU PAT 1600 X 2000 MM"},"content":{"rendered":"","protected":false},"excerpt":{"rendered":"<p>Somier\u0103 vopsit\u0103 cu vopsea neagr\u0103, pachetul con\u0163ine:<\/p>\n<p>\u0162EAV\u0102 RECTANGULAR\u0102: 30x30x1,2mm<\/p>\n<p>ELEMENTE ELASTICE PLOP: 2&#215;14 buc<\/p>\n<p>PICIOARE CILINDRICE METALICE: 6 buc<\/p>\n<p>COL\u0162ARE METAL: 4 buc<\/p>\n<p>COL\u0162ARE PLASTIC: 4 buc<\/p>","protected":false},"featured_media":14061,"template":"","meta":[],"product_brand":[],"product_cat":[55,80],"product_tag":[],"class_list":{"0":"post-14064","1":"product","2":"type-product","3":"status-publish","4":"has-post-thumbnail","6":"product_cat-mecanisme","7":"product_cat-somiere-pat","8":"cms-has-post-thumbnail","10":"first","11":"instock","12":"shipping-taxable","13":"purchasable","14":"product-type-simple"},"_links":{"self":[{"href":"https:\/\/acsglobal.ro\/en\/wp-json\/wp\/v2\/product\/14064","targetHints":{"allow":["GET"]}}],"collection":[{"href":"https:\/\/acsglobal.ro\/en\/wp-json\/wp\/v2\/product"}],"about":[{"href":"https:\/\/acsglobal.ro\/en\/wp-json\/wp\/v2\/types\/product"}],"wp:featuredmedia":[{"embeddable":true,"href":"https:\/\/acsglobal.ro\/en\/wp-json\/wp\/v2\/media\/14061"}],"wp:attachment":[{"href":"https:\/\/acsglobal.ro\/en\/wp-json\/wp\/v2\/media?parent=14064"}],"wp:term":[{"taxonomy":"product_brand","embeddable":true,"href":"https:\/\/acsglobal.ro\/en\/wp-json\/wp\/v2\/product_brand?post=14064"},{"taxonomy":"product_cat","embeddable":true,"href":"https:\/\/acsglobal.ro\/en\/wp-json\/wp\/v2\/product_cat?post=14064"},{"taxonomy":"product_tag","embeddable":true,"href":"https:\/\/acsglobal.ro\/en\/wp-json\/wp\/v2\/product_tag?post=14064"}],"curies":[{"name":"wp","href":"https:\/\/api.w.org\/{rel}","templated":true}]}}