{"id":14079,"date":"2021-12-16T09:28:13","date_gmt":"2021-12-16T07:28:13","guid":{"rendered":"https:\/\/acsglobal.ro\/product\/bdt-opritor-tip-l-pentru-somiera-plastic-negru\/"},"modified":"2021-12-16T09:28:13","modified_gmt":"2021-12-16T07:28:13","slug":"bdt-opritor-tip-l-pentru-somiera-plastic-negru","status":"publish","type":"product","link":"https:\/\/acsglobal.ro\/en\/product\/bdt-opritor-tip-l-pentru-somiera-plastic-negru\/","title":{"rendered":"BDT \u2013 OPRITOR TIP L PENTRU SOMIER\u0102, PLASTIC, NEGRU"},"content":{"rendered":"","protected":false},"excerpt":{"rendered":"<p>Limitator tip L pentru somier\u0103 metalic\u0103<\/p>","protected":false},"featured_media":14078,"template":"","meta":[],"product_brand":[],"product_cat":[81,55],"product_tag":[],"class_list":{"0":"post-14079","1":"product","2":"type-product","3":"status-publish","4":"has-post-thumbnail","6":"product_cat-accesorii-somiere","7":"product_cat-mecanisme","8":"cms-has-post-thumbnail","10":"first","11":"instock","12":"shipping-taxable","13":"purchasable","14":"product-type-simple"},"_links":{"self":[{"href":"https:\/\/acsglobal.ro\/en\/wp-json\/wp\/v2\/product\/14079","targetHints":{"allow":["GET"]}}],"collection":[{"href":"https:\/\/acsglobal.ro\/en\/wp-json\/wp\/v2\/product"}],"about":[{"href":"https:\/\/acsglobal.ro\/en\/wp-json\/wp\/v2\/types\/product"}],"wp:featuredmedia":[{"embeddable":true,"href":"https:\/\/acsglobal.ro\/en\/wp-json\/wp\/v2\/media\/14078"}],"wp:attachment":[{"href":"https:\/\/acsglobal.ro\/en\/wp-json\/wp\/v2\/media?parent=14079"}],"wp:term":[{"taxonomy":"product_brand","embeddable":true,"href":"https:\/\/acsglobal.ro\/en\/wp-json\/wp\/v2\/product_brand?post=14079"},{"taxonomy":"product_cat","embeddable":true,"href":"https:\/\/acsglobal.ro\/en\/wp-json\/wp\/v2\/product_cat?post=14079"},{"taxonomy":"product_tag","embeddable":true,"href":"https:\/\/acsglobal.ro\/en\/wp-json\/wp\/v2\/product_tag?post=14079"}],"curies":[{"name":"wp","href":"https:\/\/api.w.org\/{rel}","templated":true}]}}