{"id":14098,"date":"2021-12-16T09:28:32","date_gmt":"2021-12-16T07:28:32","guid":{"rendered":"https:\/\/acsglobal.ro\/product\/m22-conector-canapele-tip-crocodil\/"},"modified":"2021-12-16T09:28:32","modified_gmt":"2021-12-16T07:28:32","slug":"m22-conector-canapele-tip-crocodil","status":"publish","type":"product","link":"https:\/\/acsglobal.ro\/en\/product\/m22-conector-canapele-tip-crocodil\/","title":{"rendered":"M22 \u2013 CONECTOR CANAPELE TIP CROCODIL"},"content":{"rendered":"","protected":false},"excerpt":{"rendered":"<p>Mecanism care poate conecta cu u\u0219urin\u021b\u0103 dou\u0103 corpuri \u00eentre ele, prin distan\u021ba reglabil\u0103, la canapelele pe col\u021b<\/p>","protected":false},"featured_media":14093,"template":"","meta":[],"product_brand":[],"product_cat":[82,55],"product_tag":[],"class_list":{"0":"post-14098","1":"product","2":"type-product","3":"status-publish","4":"has-post-thumbnail","6":"product_cat-conectori","7":"product_cat-mecanisme","8":"cms-has-post-thumbnail","10":"first","11":"instock","12":"shipping-taxable","13":"purchasable","14":"product-type-simple"},"_links":{"self":[{"href":"https:\/\/acsglobal.ro\/en\/wp-json\/wp\/v2\/product\/14098","targetHints":{"allow":["GET"]}}],"collection":[{"href":"https:\/\/acsglobal.ro\/en\/wp-json\/wp\/v2\/product"}],"about":[{"href":"https:\/\/acsglobal.ro\/en\/wp-json\/wp\/v2\/types\/product"}],"wp:featuredmedia":[{"embeddable":true,"href":"https:\/\/acsglobal.ro\/en\/wp-json\/wp\/v2\/media\/14093"}],"wp:attachment":[{"href":"https:\/\/acsglobal.ro\/en\/wp-json\/wp\/v2\/media?parent=14098"}],"wp:term":[{"taxonomy":"product_brand","embeddable":true,"href":"https:\/\/acsglobal.ro\/en\/wp-json\/wp\/v2\/product_brand?post=14098"},{"taxonomy":"product_cat","embeddable":true,"href":"https:\/\/acsglobal.ro\/en\/wp-json\/wp\/v2\/product_cat?post=14098"},{"taxonomy":"product_tag","embeddable":true,"href":"https:\/\/acsglobal.ro\/en\/wp-json\/wp\/v2\/product_tag?post=14098"}],"curies":[{"name":"wp","href":"https:\/\/api.w.org\/{rel}","templated":true}]}}