{"id":14104,"date":"2021-12-16T09:28:42","date_gmt":"2021-12-16T07:28:42","guid":{"rendered":"https:\/\/acsglobal.ro\/product\/ck-29-18-cui-metalic-diametru-16mm-h18mm-crom-transparent\/"},"modified":"2021-12-16T09:28:42","modified_gmt":"2021-12-16T07:28:42","slug":"ck-29-18-cui-metalic-diametru-16mm-h18mm-crom-transparent","status":"publish","type":"product","link":"https:\/\/acsglobal.ro\/en\/product\/ck-29-18-cui-metalic-diametru-16mm-h18mm-crom-transparent\/","title":{"rendered":"CK.29.18 \u2013 CUI METALIC DIAMETRU 16MM, H18MM, CROM\/TRANSPARENT"},"content":{"rendered":"","protected":false},"excerpt":{"rendered":"<p>Cui metalic cu cap transparent \u015fi margine cromat\u0103, cu diametrul de 16 mm \u015fi \u00een\u0103l\u0163imea cuiului de 18 mm<\/p>","protected":false},"featured_media":14103,"template":"","meta":[],"product_brand":[],"product_cat":[224,56],"product_tag":[],"class_list":{"0":"post-14104","1":"product","2":"type-product","3":"status-publish","4":"has-post-thumbnail","6":"product_cat-cuie-ornamentale","7":"product_cat-nasturi-si-cuie-ornamentale","8":"cms-has-post-thumbnail","10":"first","11":"instock","12":"shipping-taxable","13":"purchasable","14":"product-type-simple"},"_links":{"self":[{"href":"https:\/\/acsglobal.ro\/en\/wp-json\/wp\/v2\/product\/14104","targetHints":{"allow":["GET"]}}],"collection":[{"href":"https:\/\/acsglobal.ro\/en\/wp-json\/wp\/v2\/product"}],"about":[{"href":"https:\/\/acsglobal.ro\/en\/wp-json\/wp\/v2\/types\/product"}],"wp:featuredmedia":[{"embeddable":true,"href":"https:\/\/acsglobal.ro\/en\/wp-json\/wp\/v2\/media\/14103"}],"wp:attachment":[{"href":"https:\/\/acsglobal.ro\/en\/wp-json\/wp\/v2\/media?parent=14104"}],"wp:term":[{"taxonomy":"product_brand","embeddable":true,"href":"https:\/\/acsglobal.ro\/en\/wp-json\/wp\/v2\/product_brand?post=14104"},{"taxonomy":"product_cat","embeddable":true,"href":"https:\/\/acsglobal.ro\/en\/wp-json\/wp\/v2\/product_cat?post=14104"},{"taxonomy":"product_tag","embeddable":true,"href":"https:\/\/acsglobal.ro\/en\/wp-json\/wp\/v2\/product_tag?post=14104"}],"curies":[{"name":"wp","href":"https:\/\/api.w.org\/{rel}","templated":true}]}}