{"id":14116,"date":"2021-12-16T09:29:06","date_gmt":"2021-12-16T07:29:06","guid":{"rendered":"https:\/\/acsglobal.ro\/product\/ck-33-18-cui-metalic-diam-20mm-h18mm-crom-transparent\/"},"modified":"2021-12-16T09:29:06","modified_gmt":"2021-12-16T07:29:06","slug":"ck-33-18-cui-metalic-diam-20mm-h18mm-crom-transparent","status":"publish","type":"product","link":"https:\/\/acsglobal.ro\/en\/product\/ck-33-18-cui-metalic-diam-20mm-h18mm-crom-transparent\/","title":{"rendered":"CK.33.18 \u2013 CUI METALIC DIAM. 20MM, H18MM, CROM\/TRANSPARENT"},"content":{"rendered":"","protected":false},"excerpt":{"rendered":"<p>Cui metalic cu cap de sticl\u0103 transparent\u0103 cu model \u015fi margine cromat\u0103, cu diametrul de 20 mm \u015fi \u00een\u0103l\u0163imea cuiului de 18 mm<\/p>","protected":false},"featured_media":14114,"template":"","meta":[],"product_brand":[],"product_cat":[224,56],"product_tag":[],"class_list":{"0":"post-14116","1":"product","2":"type-product","3":"status-publish","4":"has-post-thumbnail","6":"product_cat-cuie-ornamentale","7":"product_cat-nasturi-si-cuie-ornamentale","8":"cms-has-post-thumbnail","10":"first","11":"instock","12":"shipping-taxable","13":"purchasable","14":"product-type-simple"},"_links":{"self":[{"href":"https:\/\/acsglobal.ro\/en\/wp-json\/wp\/v2\/product\/14116","targetHints":{"allow":["GET"]}}],"collection":[{"href":"https:\/\/acsglobal.ro\/en\/wp-json\/wp\/v2\/product"}],"about":[{"href":"https:\/\/acsglobal.ro\/en\/wp-json\/wp\/v2\/types\/product"}],"wp:featuredmedia":[{"embeddable":true,"href":"https:\/\/acsglobal.ro\/en\/wp-json\/wp\/v2\/media\/14114"}],"wp:attachment":[{"href":"https:\/\/acsglobal.ro\/en\/wp-json\/wp\/v2\/media?parent=14116"}],"wp:term":[{"taxonomy":"product_brand","embeddable":true,"href":"https:\/\/acsglobal.ro\/en\/wp-json\/wp\/v2\/product_brand?post=14116"},{"taxonomy":"product_cat","embeddable":true,"href":"https:\/\/acsglobal.ro\/en\/wp-json\/wp\/v2\/product_cat?post=14116"},{"taxonomy":"product_tag","embeddable":true,"href":"https:\/\/acsglobal.ro\/en\/wp-json\/wp\/v2\/product_tag?post=14116"}],"curies":[{"name":"wp","href":"https:\/\/api.w.org\/{rel}","templated":true}]}}