{"id":14128,"date":"2021-12-16T09:29:27","date_gmt":"2021-12-16T07:29:27","guid":{"rendered":"https:\/\/acsglobal.ro\/product\/ck-37-18-cui-metalic-diam-22mm-h18mm-diferite-culori\/"},"modified":"2021-12-16T09:29:32","modified_gmt":"2021-12-16T07:29:32","slug":"ck-37-18-cui-metalic-diam-22mm-h18mm-diferite-culori","status":"publish","type":"product","link":"https:\/\/acsglobal.ro\/en\/product\/ck-37-18-cui-metalic-diam-22mm-h18mm-diferite-culori\/","title":{"rendered":"CK.37.18 \u2013 CUI METALIC DIAM. 22MM, H18MM, DIFERITE CULORI"},"content":{"rendered":"","protected":false},"excerpt":{"rendered":"<p>Cui metalic cu cap transparent \u015fi margine cromat\u0103 sau aurie, cu diametrul de 22 mm \u015fi \u00een\u0103l\u0163imea cuiului de 18 mm<\/p>","protected":false},"featured_media":14125,"template":"","meta":[],"product_brand":[],"product_cat":[224,56],"product_tag":[],"class_list":{"0":"post-14128","1":"product","2":"type-product","3":"status-publish","4":"has-post-thumbnail","6":"product_cat-cuie-ornamentale","7":"product_cat-nasturi-si-cuie-ornamentale","8":"cms-has-post-thumbnail","10":"first","11":"instock","12":"shipping-taxable","13":"purchasable","14":"product-type-variable"},"_links":{"self":[{"href":"https:\/\/acsglobal.ro\/en\/wp-json\/wp\/v2\/product\/14128","targetHints":{"allow":["GET"]}}],"collection":[{"href":"https:\/\/acsglobal.ro\/en\/wp-json\/wp\/v2\/product"}],"about":[{"href":"https:\/\/acsglobal.ro\/en\/wp-json\/wp\/v2\/types\/product"}],"wp:featuredmedia":[{"embeddable":true,"href":"https:\/\/acsglobal.ro\/en\/wp-json\/wp\/v2\/media\/14125"}],"wp:attachment":[{"href":"https:\/\/acsglobal.ro\/en\/wp-json\/wp\/v2\/media?parent=14128"}],"wp:term":[{"taxonomy":"product_brand","embeddable":true,"href":"https:\/\/acsglobal.ro\/en\/wp-json\/wp\/v2\/product_brand?post=14128"},{"taxonomy":"product_cat","embeddable":true,"href":"https:\/\/acsglobal.ro\/en\/wp-json\/wp\/v2\/product_cat?post=14128"},{"taxonomy":"product_tag","embeddable":true,"href":"https:\/\/acsglobal.ro\/en\/wp-json\/wp\/v2\/product_tag?post=14128"}],"curies":[{"name":"wp","href":"https:\/\/api.w.org\/{rel}","templated":true}]}}