{"id":14145,"date":"2021-12-16T09:29:55","date_gmt":"2021-12-16T07:29:55","guid":{"rendered":"https:\/\/acsglobal.ro\/product\/sp-36-cui-metalic-neacoperit-tip-splint-diametru-22mm-inaltime-variabila\/"},"modified":"2021-12-16T09:30:00","modified_gmt":"2021-12-16T07:30:00","slug":"sp-36-cui-metalic-neacoperit-tip-splint-diametru-22mm-inaltime-variabila","status":"publish","type":"product","link":"https:\/\/acsglobal.ro\/en\/product\/sp-36-cui-metalic-neacoperit-tip-splint-diametru-22mm-inaltime-variabila\/","title":{"rendered":"SP.36 \u2013 CUI METALIC NEACOPERIT TIP SPLINT DIAMETRU 22MM, \u00ceN\u0102L\u0162IME VARIABIL\u0102"},"content":{"rendered":"","protected":false},"excerpt":{"rendered":"<p>Cui metalic neacoperit tip splint, cu diamentrul de 22 mm \u015fi \u00een\u0103l\u0163imea piciorului variabil\u0103 \u00eentre 48 mm si 58 mm<\/p>","protected":false},"featured_media":14143,"template":"","meta":[],"product_brand":[],"product_cat":[224,56],"product_tag":[],"class_list":{"0":"post-14145","1":"product","2":"type-product","3":"status-publish","4":"has-post-thumbnail","6":"product_cat-cuie-ornamentale","7":"product_cat-nasturi-si-cuie-ornamentale","8":"cms-has-post-thumbnail","10":"first","11":"instock","12":"shipping-taxable","13":"purchasable","14":"product-type-variable"},"_links":{"self":[{"href":"https:\/\/acsglobal.ro\/en\/wp-json\/wp\/v2\/product\/14145","targetHints":{"allow":["GET"]}}],"collection":[{"href":"https:\/\/acsglobal.ro\/en\/wp-json\/wp\/v2\/product"}],"about":[{"href":"https:\/\/acsglobal.ro\/en\/wp-json\/wp\/v2\/types\/product"}],"wp:featuredmedia":[{"embeddable":true,"href":"https:\/\/acsglobal.ro\/en\/wp-json\/wp\/v2\/media\/14143"}],"wp:attachment":[{"href":"https:\/\/acsglobal.ro\/en\/wp-json\/wp\/v2\/media?parent=14145"}],"wp:term":[{"taxonomy":"product_brand","embeddable":true,"href":"https:\/\/acsglobal.ro\/en\/wp-json\/wp\/v2\/product_brand?post=14145"},{"taxonomy":"product_cat","embeddable":true,"href":"https:\/\/acsglobal.ro\/en\/wp-json\/wp\/v2\/product_cat?post=14145"},{"taxonomy":"product_tag","embeddable":true,"href":"https:\/\/acsglobal.ro\/en\/wp-json\/wp\/v2\/product_tag?post=14145"}],"curies":[{"name":"wp","href":"https:\/\/api.w.org\/{rel}","templated":true}]}}