{"id":14164,"date":"2021-12-16T09:30:19","date_gmt":"2021-12-16T07:30:19","guid":{"rendered":"https:\/\/acsglobal.ro\/product\/kap-32-nasture-metalic-neacoperit-diametru-20mm\/"},"modified":"2021-12-16T09:30:33","modified_gmt":"2021-12-16T07:30:33","slug":"kap-32-nasture-metalic-neacoperit-diametru-20mm","status":"publish","type":"product","link":"https:\/\/acsglobal.ro\/en\/product\/kap-32-nasture-metalic-neacoperit-diametru-20mm\/","title":{"rendered":"KAP.32 \u2013 NASTURE METALIC NEACOPERIT, DIAMETRU 20MM"},"content":{"rendered":"","protected":false},"excerpt":{"rendered":"<p>Nasture metalic neacoperit pentru piele \u015fi material textil, cu diametrul de 20 mm \u015fi chei\u0163e normale, duble sau turnate<\/p>","protected":false},"featured_media":14156,"template":"","meta":[],"product_brand":[],"product_cat":[85,56],"product_tag":[],"class_list":{"0":"post-14164","1":"product","2":"type-product","3":"status-publish","4":"has-post-thumbnail","6":"product_cat-nasturi-metalici","7":"product_cat-nasturi-si-cuie-ornamentale","8":"cms-has-post-thumbnail","10":"first","11":"instock","12":"shipping-taxable","13":"purchasable","14":"product-type-variable"},"_links":{"self":[{"href":"https:\/\/acsglobal.ro\/en\/wp-json\/wp\/v2\/product\/14164","targetHints":{"allow":["GET"]}}],"collection":[{"href":"https:\/\/acsglobal.ro\/en\/wp-json\/wp\/v2\/product"}],"about":[{"href":"https:\/\/acsglobal.ro\/en\/wp-json\/wp\/v2\/types\/product"}],"wp:featuredmedia":[{"embeddable":true,"href":"https:\/\/acsglobal.ro\/en\/wp-json\/wp\/v2\/media\/14156"}],"wp:attachment":[{"href":"https:\/\/acsglobal.ro\/en\/wp-json\/wp\/v2\/media?parent=14164"}],"wp:term":[{"taxonomy":"product_brand","embeddable":true,"href":"https:\/\/acsglobal.ro\/en\/wp-json\/wp\/v2\/product_brand?post=14164"},{"taxonomy":"product_cat","embeddable":true,"href":"https:\/\/acsglobal.ro\/en\/wp-json\/wp\/v2\/product_cat?post=14164"},{"taxonomy":"product_tag","embeddable":true,"href":"https:\/\/acsglobal.ro\/en\/wp-json\/wp\/v2\/product_tag?post=14164"}],"curies":[{"name":"wp","href":"https:\/\/api.w.org\/{rel}","templated":true}]}}