{"id":14179,"date":"2021-12-16T09:30:40","date_gmt":"2021-12-16T07:30:40","guid":{"rendered":"https:\/\/acsglobal.ro\/product\/kap-36-nasture-metalic-neacoperit-diametru-22mm\/"},"modified":"2021-12-16T09:30:55","modified_gmt":"2021-12-16T07:30:55","slug":"kap-36-nasture-metalic-neacoperit-diametru-22mm","status":"publish","type":"product","link":"https:\/\/acsglobal.ro\/en\/product\/kap-36-nasture-metalic-neacoperit-diametru-22mm\/","title":{"rendered":"KAP.36 \u2013 NASTURE METALIC NEACOPERIT, DIAMETRU 22MM"},"content":{"rendered":"","protected":false},"excerpt":{"rendered":"<p>Nasture metalic neacoperit pentru piele \u015fi material textil, cu diametrul de 22 mm \u015fi chei\u0163e normale, duble sau turnate<\/p>","protected":false},"featured_media":14171,"template":"","meta":[],"product_brand":[],"product_cat":[85,56],"product_tag":[],"class_list":{"0":"post-14179","1":"product","2":"type-product","3":"status-publish","4":"has-post-thumbnail","6":"product_cat-nasturi-metalici","7":"product_cat-nasturi-si-cuie-ornamentale","8":"cms-has-post-thumbnail","10":"first","11":"instock","12":"shipping-taxable","13":"purchasable","14":"product-type-variable"},"_links":{"self":[{"href":"https:\/\/acsglobal.ro\/en\/wp-json\/wp\/v2\/product\/14179","targetHints":{"allow":["GET"]}}],"collection":[{"href":"https:\/\/acsglobal.ro\/en\/wp-json\/wp\/v2\/product"}],"about":[{"href":"https:\/\/acsglobal.ro\/en\/wp-json\/wp\/v2\/types\/product"}],"wp:featuredmedia":[{"embeddable":true,"href":"https:\/\/acsglobal.ro\/en\/wp-json\/wp\/v2\/media\/14171"}],"wp:attachment":[{"href":"https:\/\/acsglobal.ro\/en\/wp-json\/wp\/v2\/media?parent=14179"}],"wp:term":[{"taxonomy":"product_brand","embeddable":true,"href":"https:\/\/acsglobal.ro\/en\/wp-json\/wp\/v2\/product_brand?post=14179"},{"taxonomy":"product_cat","embeddable":true,"href":"https:\/\/acsglobal.ro\/en\/wp-json\/wp\/v2\/product_cat?post=14179"},{"taxonomy":"product_tag","embeddable":true,"href":"https:\/\/acsglobal.ro\/en\/wp-json\/wp\/v2\/product_tag?post=14179"}],"curies":[{"name":"wp","href":"https:\/\/api.w.org\/{rel}","templated":true}]}}