{"id":14217,"date":"2021-12-16T09:31:34","date_gmt":"2021-12-16T07:31:34","guid":{"rendered":"https:\/\/acsglobal.ro\/product\/grg-snur-textil-alb-tip-t-t\/"},"modified":"2021-12-16T09:31:34","modified_gmt":"2021-12-16T07:31:34","slug":"grg-snur-textil-alb-tip-t-t","status":"publish","type":"product","link":"https:\/\/acsglobal.ro\/en\/product\/grg-snur-textil-alb-tip-t-t\/","title":{"rendered":"GRG \u015eNUR TEXTIL ALB TIP T\/T"},"content":{"rendered":"","protected":false},"excerpt":{"rendered":"<p>\u015enur textil pentru aplicarea nasturilor f\u0103r\u0103 cheie (tip O)<\/p>","protected":false},"featured_media":14215,"template":"","meta":[],"product_brand":[],"product_cat":[86,56],"product_tag":[],"class_list":{"0":"post-14217","1":"product","2":"type-product","3":"status-publish","4":"has-post-thumbnail","6":"product_cat-accesorii-nasturi-metalici","7":"product_cat-nasturi-si-cuie-ornamentale","8":"cms-has-post-thumbnail","10":"first","11":"instock","12":"shipping-taxable","13":"purchasable","14":"product-type-simple"},"_links":{"self":[{"href":"https:\/\/acsglobal.ro\/en\/wp-json\/wp\/v2\/product\/14217","targetHints":{"allow":["GET"]}}],"collection":[{"href":"https:\/\/acsglobal.ro\/en\/wp-json\/wp\/v2\/product"}],"about":[{"href":"https:\/\/acsglobal.ro\/en\/wp-json\/wp\/v2\/types\/product"}],"wp:featuredmedia":[{"embeddable":true,"href":"https:\/\/acsglobal.ro\/en\/wp-json\/wp\/v2\/media\/14215"}],"wp:attachment":[{"href":"https:\/\/acsglobal.ro\/en\/wp-json\/wp\/v2\/media?parent=14217"}],"wp:term":[{"taxonomy":"product_brand","embeddable":true,"href":"https:\/\/acsglobal.ro\/en\/wp-json\/wp\/v2\/product_brand?post=14217"},{"taxonomy":"product_cat","embeddable":true,"href":"https:\/\/acsglobal.ro\/en\/wp-json\/wp\/v2\/product_cat?post=14217"},{"taxonomy":"product_tag","embeddable":true,"href":"https:\/\/acsglobal.ro\/en\/wp-json\/wp\/v2\/product_tag?post=14217"}],"curies":[{"name":"wp","href":"https:\/\/api.w.org\/{rel}","templated":true}]}}