{"id":14231,"date":"2021-12-16T09:31:55","date_gmt":"2021-12-16T07:31:55","guid":{"rendered":"https:\/\/acsglobal.ro\/product\/ata-pt-tras-nasturi-metalici-1mm-510m-con-alba\/"},"modified":"2021-12-16T09:31:55","modified_gmt":"2021-12-16T07:31:55","slug":"ata-pt-tras-nasturi-metalici-1mm-510m-con-alba","status":"publish","type":"product","link":"https:\/\/acsglobal.ro\/en\/product\/ata-pt-tras-nasturi-metalici-1mm-510m-con-alba\/","title":{"rendered":"A\u0162\u0102 PT. TRAS NASTURI METALICI, 1MM, 510M\/CON, ALB\u0102"},"content":{"rendered":"","protected":false},"excerpt":{"rendered":"<p>A\u0163\u0103 pentru tras nasturi cu diametrul de 1 mm, adezivat\u0103<\/p>","protected":false},"featured_media":14230,"template":"","meta":[],"product_brand":[],"product_cat":[86,56],"product_tag":[],"class_list":{"0":"post-14231","1":"product","2":"type-product","3":"status-publish","4":"has-post-thumbnail","6":"product_cat-accesorii-nasturi-metalici","7":"product_cat-nasturi-si-cuie-ornamentale","8":"cms-has-post-thumbnail","10":"first","11":"instock","12":"shipping-taxable","13":"purchasable","14":"product-type-simple"},"_links":{"self":[{"href":"https:\/\/acsglobal.ro\/en\/wp-json\/wp\/v2\/product\/14231","targetHints":{"allow":["GET"]}}],"collection":[{"href":"https:\/\/acsglobal.ro\/en\/wp-json\/wp\/v2\/product"}],"about":[{"href":"https:\/\/acsglobal.ro\/en\/wp-json\/wp\/v2\/types\/product"}],"wp:featuredmedia":[{"embeddable":true,"href":"https:\/\/acsglobal.ro\/en\/wp-json\/wp\/v2\/media\/14230"}],"wp:attachment":[{"href":"https:\/\/acsglobal.ro\/en\/wp-json\/wp\/v2\/media?parent=14231"}],"wp:term":[{"taxonomy":"product_brand","embeddable":true,"href":"https:\/\/acsglobal.ro\/en\/wp-json\/wp\/v2\/product_brand?post=14231"},{"taxonomy":"product_cat","embeddable":true,"href":"https:\/\/acsglobal.ro\/en\/wp-json\/wp\/v2\/product_cat?post=14231"},{"taxonomy":"product_tag","embeddable":true,"href":"https:\/\/acsglobal.ro\/en\/wp-json\/wp\/v2\/product_tag?post=14231"}],"curies":[{"name":"wp","href":"https:\/\/api.w.org\/{rel}","templated":true}]}}