{"id":14282,"date":"2021-12-16T09:33:29","date_gmt":"2021-12-16T07:33:29","guid":{"rendered":"https:\/\/acsglobal.ro\/product\/zm-clk-36-nasture-metal-sticla-diametru-22mm-transparent-diferite-modele\/"},"modified":"2021-12-16T09:33:34","modified_gmt":"2021-12-16T07:33:34","slug":"zm-clk-36-nasture-metal-sticla-diametru-22mm-transparent-diferite-modele","status":"publish","type":"product","link":"https:\/\/acsglobal.ro\/en\/product\/zm-clk-36-nasture-metal-sticla-diametru-22mm-transparent-diferite-modele\/","title":{"rendered":"ZM-CLK.36 \u2013 NASTURE METAL\/STICL\u0102 DIAMETRU 22MM, TRANSPARENT, DIFERITE MODELE"},"content":{"rendered":"","protected":false},"excerpt":{"rendered":"<p>Nasturi decorativi din sticl\u0103 f\u0103r\u0103 margine metalic\u0103<\/p>","protected":false},"featured_media":14279,"template":"","meta":[],"product_brand":[],"product_cat":[89,56],"product_tag":[],"class_list":{"0":"post-14282","1":"product","2":"type-product","3":"status-publish","4":"has-post-thumbnail","6":"product_cat-nasturi-metal-acril","7":"product_cat-nasturi-si-cuie-ornamentale","8":"cms-has-post-thumbnail","10":"first","11":"instock","12":"shipping-taxable","13":"purchasable","14":"product-type-variable"},"_links":{"self":[{"href":"https:\/\/acsglobal.ro\/en\/wp-json\/wp\/v2\/product\/14282","targetHints":{"allow":["GET"]}}],"collection":[{"href":"https:\/\/acsglobal.ro\/en\/wp-json\/wp\/v2\/product"}],"about":[{"href":"https:\/\/acsglobal.ro\/en\/wp-json\/wp\/v2\/types\/product"}],"wp:featuredmedia":[{"embeddable":true,"href":"https:\/\/acsglobal.ro\/en\/wp-json\/wp\/v2\/media\/14279"}],"wp:attachment":[{"href":"https:\/\/acsglobal.ro\/en\/wp-json\/wp\/v2\/media?parent=14282"}],"wp:term":[{"taxonomy":"product_brand","embeddable":true,"href":"https:\/\/acsglobal.ro\/en\/wp-json\/wp\/v2\/product_brand?post=14282"},{"taxonomy":"product_cat","embeddable":true,"href":"https:\/\/acsglobal.ro\/en\/wp-json\/wp\/v2\/product_cat?post=14282"},{"taxonomy":"product_tag","embeddable":true,"href":"https:\/\/acsglobal.ro\/en\/wp-json\/wp\/v2\/product_tag?post=14282"}],"curies":[{"name":"wp","href":"https:\/\/api.w.org\/{rel}","templated":true}]}}