{"id":14346,"date":"2021-12-16T09:35:13","date_gmt":"2021-12-16T07:35:13","guid":{"rendered":"https:\/\/acsglobal.ro\/product\/zm-cdk-32-15-cui-metal-sticla-diametru-20mm-h15mm-diferite-modele\/"},"modified":"2021-12-16T09:35:18","modified_gmt":"2021-12-16T07:35:18","slug":"zm-cdk-32-15-cui-metal-sticla-diametru-20mm-h15mm-diferite-modele","status":"publish","type":"product","link":"https:\/\/acsglobal.ro\/en\/product\/zm-cdk-32-15-cui-metal-sticla-diametru-20mm-h15mm-diferite-modele\/","title":{"rendered":"ZM.CDK.32.15 \u2013 CUI METAL\/STICL\u0102 DIAMETRU 20MM, H15MM, DIFERITE MODELE"},"content":{"rendered":"","protected":false},"excerpt":{"rendered":"<p>Cuie decorative din sticl\u0103 cu fund bombat \u015fi f\u0103r\u0103 margine metalic\u0103<\/p>","protected":false},"featured_media":14343,"template":"","meta":[],"product_brand":[],"product_cat":[90,56],"product_tag":[],"class_list":{"0":"post-14346","1":"product","2":"type-product","3":"status-publish","4":"has-post-thumbnail","6":"product_cat-cuie-metal-sticla","7":"product_cat-nasturi-si-cuie-ornamentale","8":"cms-has-post-thumbnail","10":"first","11":"instock","12":"shipping-taxable","13":"purchasable","14":"product-type-variable"},"_links":{"self":[{"href":"https:\/\/acsglobal.ro\/en\/wp-json\/wp\/v2\/product\/14346","targetHints":{"allow":["GET"]}}],"collection":[{"href":"https:\/\/acsglobal.ro\/en\/wp-json\/wp\/v2\/product"}],"about":[{"href":"https:\/\/acsglobal.ro\/en\/wp-json\/wp\/v2\/types\/product"}],"wp:featuredmedia":[{"embeddable":true,"href":"https:\/\/acsglobal.ro\/en\/wp-json\/wp\/v2\/media\/14343"}],"wp:attachment":[{"href":"https:\/\/acsglobal.ro\/en\/wp-json\/wp\/v2\/media?parent=14346"}],"wp:term":[{"taxonomy":"product_brand","embeddable":true,"href":"https:\/\/acsglobal.ro\/en\/wp-json\/wp\/v2\/product_brand?post=14346"},{"taxonomy":"product_cat","embeddable":true,"href":"https:\/\/acsglobal.ro\/en\/wp-json\/wp\/v2\/product_cat?post=14346"},{"taxonomy":"product_tag","embeddable":true,"href":"https:\/\/acsglobal.ro\/en\/wp-json\/wp\/v2\/product_tag?post=14346"}],"curies":[{"name":"wp","href":"https:\/\/api.w.org\/{rel}","templated":true}]}}