{"id":14352,"date":"2021-12-16T09:35:23","date_gmt":"2021-12-16T07:35:23","guid":{"rendered":"https:\/\/acsglobal.ro\/product\/zm-cdk-36-15-cui-metal-sticla-diametru-22mm-h15mm-diferite-modele\/"},"modified":"2021-12-16T09:35:28","modified_gmt":"2021-12-16T07:35:28","slug":"zm-cdk-36-15-cui-metal-sticla-diametru-22mm-h15mm-diferite-modele","status":"publish","type":"product","link":"https:\/\/acsglobal.ro\/en\/product\/zm-cdk-36-15-cui-metal-sticla-diametru-22mm-h15mm-diferite-modele\/","title":{"rendered":"ZM.CDK.36.15 \u2013 CUI METAL\/STICL\u0102 DIAMETRU 22MM, H15MM, DIFERITE MODELE"},"content":{"rendered":"","protected":false},"excerpt":{"rendered":"<p>Cuie decorative din sticl\u0103 cu fund bombat \u015fi f\u0103r\u0103 margine metalic\u0103<\/p>","protected":false},"featured_media":14349,"template":"","meta":[],"product_brand":[],"product_cat":[90,56],"product_tag":[],"class_list":{"0":"post-14352","1":"product","2":"type-product","3":"status-publish","4":"has-post-thumbnail","6":"product_cat-cuie-metal-sticla","7":"product_cat-nasturi-si-cuie-ornamentale","8":"cms-has-post-thumbnail","10":"first","11":"instock","12":"shipping-taxable","13":"purchasable","14":"product-type-variable"},"_links":{"self":[{"href":"https:\/\/acsglobal.ro\/en\/wp-json\/wp\/v2\/product\/14352","targetHints":{"allow":["GET"]}}],"collection":[{"href":"https:\/\/acsglobal.ro\/en\/wp-json\/wp\/v2\/product"}],"about":[{"href":"https:\/\/acsglobal.ro\/en\/wp-json\/wp\/v2\/types\/product"}],"wp:featuredmedia":[{"embeddable":true,"href":"https:\/\/acsglobal.ro\/en\/wp-json\/wp\/v2\/media\/14349"}],"wp:attachment":[{"href":"https:\/\/acsglobal.ro\/en\/wp-json\/wp\/v2\/media?parent=14352"}],"wp:term":[{"taxonomy":"product_brand","embeddable":true,"href":"https:\/\/acsglobal.ro\/en\/wp-json\/wp\/v2\/product_brand?post=14352"},{"taxonomy":"product_cat","embeddable":true,"href":"https:\/\/acsglobal.ro\/en\/wp-json\/wp\/v2\/product_cat?post=14352"},{"taxonomy":"product_tag","embeddable":true,"href":"https:\/\/acsglobal.ro\/en\/wp-json\/wp\/v2\/product_tag?post=14352"}],"curies":[{"name":"wp","href":"https:\/\/api.w.org\/{rel}","templated":true}]}}