{"id":14433,"date":"2021-12-16T09:37:49","date_gmt":"2021-12-16T07:37:49","guid":{"rendered":"https:\/\/acsglobal.ro\/product\/cuie-in-role-2-2-38-mm-ring\/"},"modified":"2021-12-16T09:37:49","modified_gmt":"2021-12-16T07:37:49","slug":"cuie-in-role-2-2-38-mm-ring","status":"publish","type":"product","link":"https:\/\/acsglobal.ro\/en\/product\/cuie-in-role-2-2-38-mm-ring\/","title":{"rendered":"CUIE \u00ceN ROLE 2.2\/38 MM &#8211; RING"},"content":{"rendered":"","protected":false},"excerpt":{"rendered":"<p>Cuie \u00een rol\u0103 cu diverse profile a\u015fezate \u00een unghi de 15\u00b0, compatibile cu ciocane pneumatice tip Maxx, Bea &#8211; folosite la producerea\/repararea pale\u021bilor din lemn \u015fi a canapelelor<\/p>","protected":false},"featured_media":14431,"template":"","meta":[],"product_brand":[],"product_cat":[57,93],"product_tag":[],"class_list":{"0":"post-14433","1":"product","2":"type-product","3":"status-publish","4":"has-post-thumbnail","6":"product_cat-capse-cuie","7":"product_cat-cuie","8":"cms-has-post-thumbnail","10":"first","11":"instock","12":"shipping-taxable","13":"purchasable","14":"product-type-simple"},"_links":{"self":[{"href":"https:\/\/acsglobal.ro\/en\/wp-json\/wp\/v2\/product\/14433","targetHints":{"allow":["GET"]}}],"collection":[{"href":"https:\/\/acsglobal.ro\/en\/wp-json\/wp\/v2\/product"}],"about":[{"href":"https:\/\/acsglobal.ro\/en\/wp-json\/wp\/v2\/types\/product"}],"wp:featuredmedia":[{"embeddable":true,"href":"https:\/\/acsglobal.ro\/en\/wp-json\/wp\/v2\/media\/14431"}],"wp:attachment":[{"href":"https:\/\/acsglobal.ro\/en\/wp-json\/wp\/v2\/media?parent=14433"}],"wp:term":[{"taxonomy":"product_brand","embeddable":true,"href":"https:\/\/acsglobal.ro\/en\/wp-json\/wp\/v2\/product_brand?post=14433"},{"taxonomy":"product_cat","embeddable":true,"href":"https:\/\/acsglobal.ro\/en\/wp-json\/wp\/v2\/product_cat?post=14433"},{"taxonomy":"product_tag","embeddable":true,"href":"https:\/\/acsglobal.ro\/en\/wp-json\/wp\/v2\/product_tag?post=14433"}],"curies":[{"name":"wp","href":"https:\/\/api.w.org\/{rel}","templated":true}]}}