{"id":14460,"date":"2021-12-16T09:38:32","date_gmt":"2021-12-16T07:38:32","guid":{"rendered":"https:\/\/acsglobal.ro\/product\/ck-tbc-scula-pneumatica-pentru-montaj-cuie-metalice\/"},"modified":"2021-12-16T09:38:32","modified_gmt":"2021-12-16T07:38:32","slug":"ck-tbc-scula-pneumatica-pentru-montaj-cuie-metalice","status":"publish","type":"product","link":"https:\/\/acsglobal.ro\/en\/product\/ck-tbc-scula-pneumatica-pentru-montaj-cuie-metalice\/","title":{"rendered":"CK.TBC \u2013 SCUL\u0102 PNEUMATIC\u0102 PENTRU MONTAJ CUIE METALICE"},"content":{"rendered":"","protected":false},"excerpt":{"rendered":"<p>Scul\u0103 pneumatic\u0103 pentru fixarea cuielor metalice \u00eembr\u0103cate prin batere cu vibra\u0163ie<\/p>","protected":false},"featured_media":14459,"template":"","meta":[],"product_brand":[],"product_cat":[58,94],"product_tag":[],"class_list":{"0":"post-14460","1":"product","2":"type-product","3":"status-publish","4":"has-post-thumbnail","6":"product_cat-scule","7":"product_cat-scule-pt-nasturi-si-cuie-ornamentale","8":"cms-has-post-thumbnail","10":"first","11":"instock","12":"shipping-taxable","13":"purchasable","14":"product-type-simple"},"_links":{"self":[{"href":"https:\/\/acsglobal.ro\/en\/wp-json\/wp\/v2\/product\/14460","targetHints":{"allow":["GET"]}}],"collection":[{"href":"https:\/\/acsglobal.ro\/en\/wp-json\/wp\/v2\/product"}],"about":[{"href":"https:\/\/acsglobal.ro\/en\/wp-json\/wp\/v2\/types\/product"}],"wp:featuredmedia":[{"embeddable":true,"href":"https:\/\/acsglobal.ro\/en\/wp-json\/wp\/v2\/media\/14459"}],"wp:attachment":[{"href":"https:\/\/acsglobal.ro\/en\/wp-json\/wp\/v2\/media?parent=14460"}],"wp:term":[{"taxonomy":"product_brand","embeddable":true,"href":"https:\/\/acsglobal.ro\/en\/wp-json\/wp\/v2\/product_brand?post=14460"},{"taxonomy":"product_cat","embeddable":true,"href":"https:\/\/acsglobal.ro\/en\/wp-json\/wp\/v2\/product_cat?post=14460"},{"taxonomy":"product_tag","embeddable":true,"href":"https:\/\/acsglobal.ro\/en\/wp-json\/wp\/v2\/product_tag?post=14460"}],"curies":[{"name":"wp","href":"https:\/\/api.w.org\/{rel}","templated":true}]}}