{"id":14462,"date":"2021-12-16T09:38:35","date_gmt":"2021-12-16T07:38:35","guid":{"rendered":"https:\/\/acsglobal.ro\/product\/set-piese-decupat-si-acoperit-nasturi-metalici-diferite-diametre\/"},"modified":"2021-12-16T09:38:49","modified_gmt":"2021-12-16T07:38:49","slug":"set-piese-decupat-si-acoperit-nasturi-metalici-diferite-diametre","status":"publish","type":"product","link":"https:\/\/acsglobal.ro\/en\/product\/set-piese-decupat-si-acoperit-nasturi-metalici-diferite-diametre\/","title":{"rendered":"SET PIESE DECUPAT \u015eI ACOPERIT NASTURI METALICI, DIFERITE DIAMETRE"},"content":{"rendered":"","protected":false},"excerpt":{"rendered":"<p>Set ce con\u0163ine grup de piese folosit la t\u0103ierea materialului cu care se acoper\u0103 nasturii \u015fi\/sau cuiele metalice \u015fi grup de piese folosit la acoperirea acestora. Se livreaz\u0103 \u00eempreun\u0103 cu placa inferioar\u0103 ce gliseaz\u0103, m\u00e2nerul ei \u015fi o mini \u015furubelni\u0163\u0103 cu cap tip cruce.<\/p>","protected":false},"featured_media":14461,"template":"","meta":[],"product_brand":[],"product_cat":[222,58],"product_tag":[],"class_list":{"0":"post-14462","1":"product","2":"type-product","3":"status-publish","4":"has-post-thumbnail","6":"product_cat-piese-de-schimb","7":"product_cat-scule","8":"cms-has-post-thumbnail","10":"first","11":"instock","12":"shipping-taxable","13":"purchasable","14":"product-type-variable"},"_links":{"self":[{"href":"https:\/\/acsglobal.ro\/en\/wp-json\/wp\/v2\/product\/14462","targetHints":{"allow":["GET"]}}],"collection":[{"href":"https:\/\/acsglobal.ro\/en\/wp-json\/wp\/v2\/product"}],"about":[{"href":"https:\/\/acsglobal.ro\/en\/wp-json\/wp\/v2\/types\/product"}],"wp:featuredmedia":[{"embeddable":true,"href":"https:\/\/acsglobal.ro\/en\/wp-json\/wp\/v2\/media\/14461"}],"wp:attachment":[{"href":"https:\/\/acsglobal.ro\/en\/wp-json\/wp\/v2\/media?parent=14462"}],"wp:term":[{"taxonomy":"product_brand","embeddable":true,"href":"https:\/\/acsglobal.ro\/en\/wp-json\/wp\/v2\/product_brand?post=14462"},{"taxonomy":"product_cat","embeddable":true,"href":"https:\/\/acsglobal.ro\/en\/wp-json\/wp\/v2\/product_cat?post=14462"},{"taxonomy":"product_tag","embeddable":true,"href":"https:\/\/acsglobal.ro\/en\/wp-json\/wp\/v2\/product_tag?post=14462"}],"curies":[{"name":"wp","href":"https:\/\/api.w.org\/{rel}","templated":true}]}}