{"id":14470,"date":"2021-12-16T09:38:52","date_gmt":"2021-12-16T07:38:52","guid":{"rendered":"https:\/\/acsglobal.ro\/product\/set-piese-decupat-si-acoperit-nasturi-metalici-patrati-diferite-diametre\/"},"modified":"2021-12-16T09:39:01","modified_gmt":"2021-12-16T07:39:01","slug":"set-piese-decupat-si-acoperit-nasturi-metalici-patrati-diferite-diametre","status":"publish","type":"product","link":"https:\/\/acsglobal.ro\/en\/product\/set-piese-decupat-si-acoperit-nasturi-metalici-patrati-diferite-diametre\/","title":{"rendered":"SET PIESE DECUPAT \u015eI ACOPERIT NASTURI METALICI P\u0102TRA\u0162I, DIFERITE DIAMETRE"},"content":{"rendered":"","protected":false},"excerpt":{"rendered":"<p>Set piese de schimb pentru presa manual\u0103 (PDAN) sau cea pneumatic\u0103 (FP) pentru decupat \u015fi acoperit nasturi \u015fi\/sau cuie metalice.<\/p>","protected":false},"featured_media":14469,"template":"","meta":[],"product_brand":[],"product_cat":[222,58],"product_tag":[],"class_list":{"0":"post-14470","1":"product","2":"type-product","3":"status-publish","4":"has-post-thumbnail","6":"product_cat-piese-de-schimb","7":"product_cat-scule","8":"cms-has-post-thumbnail","10":"first","11":"instock","12":"shipping-taxable","13":"purchasable","14":"product-type-variable"},"_links":{"self":[{"href":"https:\/\/acsglobal.ro\/en\/wp-json\/wp\/v2\/product\/14470","targetHints":{"allow":["GET"]}}],"collection":[{"href":"https:\/\/acsglobal.ro\/en\/wp-json\/wp\/v2\/product"}],"about":[{"href":"https:\/\/acsglobal.ro\/en\/wp-json\/wp\/v2\/types\/product"}],"wp:featuredmedia":[{"embeddable":true,"href":"https:\/\/acsglobal.ro\/en\/wp-json\/wp\/v2\/media\/14469"}],"wp:attachment":[{"href":"https:\/\/acsglobal.ro\/en\/wp-json\/wp\/v2\/media?parent=14470"}],"wp:term":[{"taxonomy":"product_brand","embeddable":true,"href":"https:\/\/acsglobal.ro\/en\/wp-json\/wp\/v2\/product_brand?post=14470"},{"taxonomy":"product_cat","embeddable":true,"href":"https:\/\/acsglobal.ro\/en\/wp-json\/wp\/v2\/product_cat?post=14470"},{"taxonomy":"product_tag","embeddable":true,"href":"https:\/\/acsglobal.ro\/en\/wp-json\/wp\/v2\/product_tag?post=14470"}],"curies":[{"name":"wp","href":"https:\/\/api.w.org\/{rel}","templated":true}]}}