{"id":14476,"date":"2021-12-16T09:39:04","date_gmt":"2021-12-16T07:39:04","guid":{"rendered":"https:\/\/acsglobal.ro\/product\/ck-piesa-schimb-pentru-ck-tbc-scula-pneumatica-pentru-montaj-cuie-metalice\/"},"modified":"2021-12-16T09:39:20","modified_gmt":"2021-12-16T07:39:20","slug":"ck-piesa-schimb-pentru-ck-tbc-scula-pneumatica-pentru-montaj-cuie-metalice","status":"publish","type":"product","link":"https:\/\/acsglobal.ro\/en\/product\/ck-piesa-schimb-pentru-ck-tbc-scula-pneumatica-pentru-montaj-cuie-metalice\/","title":{"rendered":"CK \u2013 PIES\u0102 SCHIMB PENTRU CK.TBC SCUL\u0102 PNEUMATIC\u0102 PENTRU MONTAJ CUIE METALICE"},"content":{"rendered":"","protected":false},"excerpt":{"rendered":"<p>Pies\u0103 de schimb, pentru scula pneumatic\u0103 CK.TBC folosit\u0103 la montarea cuielor metalice.<\/p>","protected":false},"featured_media":14475,"template":"","meta":[],"product_brand":[],"product_cat":[222,58],"product_tag":[],"class_list":{"0":"post-14476","1":"product","2":"type-product","3":"status-publish","4":"has-post-thumbnail","6":"product_cat-piese-de-schimb","7":"product_cat-scule","8":"cms-has-post-thumbnail","10":"first","11":"instock","12":"shipping-taxable","13":"purchasable","14":"product-type-variable"},"_links":{"self":[{"href":"https:\/\/acsglobal.ro\/en\/wp-json\/wp\/v2\/product\/14476","targetHints":{"allow":["GET"]}}],"collection":[{"href":"https:\/\/acsglobal.ro\/en\/wp-json\/wp\/v2\/product"}],"about":[{"href":"https:\/\/acsglobal.ro\/en\/wp-json\/wp\/v2\/types\/product"}],"wp:featuredmedia":[{"embeddable":true,"href":"https:\/\/acsglobal.ro\/en\/wp-json\/wp\/v2\/media\/14475"}],"wp:attachment":[{"href":"https:\/\/acsglobal.ro\/en\/wp-json\/wp\/v2\/media?parent=14476"}],"wp:term":[{"taxonomy":"product_brand","embeddable":true,"href":"https:\/\/acsglobal.ro\/en\/wp-json\/wp\/v2\/product_brand?post=14476"},{"taxonomy":"product_cat","embeddable":true,"href":"https:\/\/acsglobal.ro\/en\/wp-json\/wp\/v2\/product_cat?post=14476"},{"taxonomy":"product_tag","embeddable":true,"href":"https:\/\/acsglobal.ro\/en\/wp-json\/wp\/v2\/product_tag?post=14476"}],"curies":[{"name":"wp","href":"https:\/\/api.w.org\/{rel}","templated":true}]}}