{"id":14485,"date":"2021-12-16T09:39:23","date_gmt":"2021-12-16T07:39:23","guid":{"rendered":"https:\/\/acsglobal.ro\/product\/placa-plastic-universala-pentru-decupat-si-acoperit-nasturi-metalici\/"},"modified":"2021-12-16T09:39:23","modified_gmt":"2021-12-16T07:39:23","slug":"placa-plastic-universala-pentru-decupat-si-acoperit-nasturi-metalici","status":"publish","type":"product","link":"https:\/\/acsglobal.ro\/en\/product\/placa-plastic-universala-pentru-decupat-si-acoperit-nasturi-metalici\/","title":{"rendered":"PLAC\u0102 PLASTIC UNIVERSAL\u0102 PENTRU DECUPAT \u015eI ACOPERIT NASTURI METALICI"},"content":{"rendered":"","protected":false},"excerpt":{"rendered":"<p>Plac\u0103 de schimb universal\u0103, din plastic, pentru decupat \u015fi acoperit nasturi \u015fi cuie metalice; se folose\u015fte la presa manual\u0103\/pneumatic\u0103<\/p>","protected":false},"featured_media":14484,"template":"","meta":[],"product_brand":[],"product_cat":[222,58],"product_tag":[],"class_list":{"0":"post-14485","1":"product","2":"type-product","3":"status-publish","4":"has-post-thumbnail","6":"product_cat-piese-de-schimb","7":"product_cat-scule","8":"cms-has-post-thumbnail","10":"first","11":"instock","12":"shipping-taxable","13":"purchasable","14":"product-type-simple"},"_links":{"self":[{"href":"https:\/\/acsglobal.ro\/en\/wp-json\/wp\/v2\/product\/14485","targetHints":{"allow":["GET"]}}],"collection":[{"href":"https:\/\/acsglobal.ro\/en\/wp-json\/wp\/v2\/product"}],"about":[{"href":"https:\/\/acsglobal.ro\/en\/wp-json\/wp\/v2\/types\/product"}],"wp:featuredmedia":[{"embeddable":true,"href":"https:\/\/acsglobal.ro\/en\/wp-json\/wp\/v2\/media\/14484"}],"wp:attachment":[{"href":"https:\/\/acsglobal.ro\/en\/wp-json\/wp\/v2\/media?parent=14485"}],"wp:term":[{"taxonomy":"product_brand","embeddable":true,"href":"https:\/\/acsglobal.ro\/en\/wp-json\/wp\/v2\/product_brand?post=14485"},{"taxonomy":"product_cat","embeddable":true,"href":"https:\/\/acsglobal.ro\/en\/wp-json\/wp\/v2\/product_cat?post=14485"},{"taxonomy":"product_tag","embeddable":true,"href":"https:\/\/acsglobal.ro\/en\/wp-json\/wp\/v2\/product_tag?post=14485"}],"curies":[{"name":"wp","href":"https:\/\/api.w.org\/{rel}","templated":true}]}}