{"id":14487,"date":"2021-12-16T09:39:26","date_gmt":"2021-12-16T07:39:26","guid":{"rendered":"https:\/\/acsglobal.ro\/product\/ck-33-adp-dorn-pentru-cui-metalic-diametru-20mm\/"},"modified":"2021-12-16T09:39:31","modified_gmt":"2021-12-16T07:39:31","slug":"ck-33-adp-dorn-pentru-cui-metalic-diametru-20mm","status":"publish","type":"product","link":"https:\/\/acsglobal.ro\/en\/product\/ck-33-adp-dorn-pentru-cui-metalic-diametru-20mm\/","title":{"rendered":"CK.33.ADP \u2013 DORN PENTRU CUI METALIC DIAMETRU 20MM"},"content":{"rendered":"","protected":false},"excerpt":{"rendered":"<p>Scul\u0103 manual\u0103 pentru fixarea cuielor metalice \u00eembr\u0103cate prin batere, cu ajutorul unui ciocan<\/p>","protected":false},"featured_media":14486,"template":"","meta":[],"product_brand":[],"product_cat":[58,94],"product_tag":[],"class_list":{"0":"post-14487","1":"product","2":"type-product","3":"status-publish","4":"has-post-thumbnail","6":"product_cat-scule","7":"product_cat-scule-pt-nasturi-si-cuie-ornamentale","8":"cms-has-post-thumbnail","10":"first","11":"instock","12":"shipping-taxable","13":"purchasable","14":"product-type-variable"},"_links":{"self":[{"href":"https:\/\/acsglobal.ro\/en\/wp-json\/wp\/v2\/product\/14487","targetHints":{"allow":["GET"]}}],"collection":[{"href":"https:\/\/acsglobal.ro\/en\/wp-json\/wp\/v2\/product"}],"about":[{"href":"https:\/\/acsglobal.ro\/en\/wp-json\/wp\/v2\/types\/product"}],"wp:featuredmedia":[{"embeddable":true,"href":"https:\/\/acsglobal.ro\/en\/wp-json\/wp\/v2\/media\/14486"}],"wp:attachment":[{"href":"https:\/\/acsglobal.ro\/en\/wp-json\/wp\/v2\/media?parent=14487"}],"wp:term":[{"taxonomy":"product_brand","embeddable":true,"href":"https:\/\/acsglobal.ro\/en\/wp-json\/wp\/v2\/product_brand?post=14487"},{"taxonomy":"product_cat","embeddable":true,"href":"https:\/\/acsglobal.ro\/en\/wp-json\/wp\/v2\/product_cat?post=14487"},{"taxonomy":"product_tag","embeddable":true,"href":"https:\/\/acsglobal.ro\/en\/wp-json\/wp\/v2\/product_tag?post=14487"}],"curies":[{"name":"wp","href":"https:\/\/api.w.org\/{rel}","templated":true}]}}