{"id":14491,"date":"2021-12-16T09:39:34","date_gmt":"2021-12-16T07:39:34","guid":{"rendered":"https:\/\/acsglobal.ro\/product\/ck-sta-scula-manuala-pentru-montaj-cui-metalic-rondea\/"},"modified":"2021-12-16T09:39:34","modified_gmt":"2021-12-16T07:39:34","slug":"ck-sta-scula-manuala-pentru-montaj-cui-metalic-rondea","status":"publish","type":"product","link":"https:\/\/acsglobal.ro\/en\/product\/ck-sta-scula-manuala-pentru-montaj-cui-metalic-rondea\/","title":{"rendered":"CK.STA \u2013 SCUL\u0102 MANUAL\u0102 PENTRU MONTAJ CUI METALIC \/ RONDEA"},"content":{"rendered":"","protected":false},"excerpt":{"rendered":"<p>Scul\u0103 manual\u0103 pentru fixarea cuielor metalice \u00eembr\u0103cate prin fixarea unei lamele elastice \u00een cazul \u00een care nu exist\u0103 un suport solid \u00een care s\u0103 se prind\u0103 cuiul; este necesar\u0103 existen\u0163a unui suport de carton sau ching\u0103 rigid\u0103 prin care s\u0103 treac\u0103 cuiul \u015fi apoi s\u0103 se fixeze  lamela elastic\u0103<\/p>","protected":false},"featured_media":14490,"template":"","meta":[],"product_brand":[],"product_cat":[58,94],"product_tag":[],"class_list":{"0":"post-14491","1":"product","2":"type-product","3":"status-publish","4":"has-post-thumbnail","6":"product_cat-scule","7":"product_cat-scule-pt-nasturi-si-cuie-ornamentale","8":"cms-has-post-thumbnail","10":"first","11":"instock","12":"shipping-taxable","13":"purchasable","14":"product-type-simple"},"_links":{"self":[{"href":"https:\/\/acsglobal.ro\/en\/wp-json\/wp\/v2\/product\/14491","targetHints":{"allow":["GET"]}}],"collection":[{"href":"https:\/\/acsglobal.ro\/en\/wp-json\/wp\/v2\/product"}],"about":[{"href":"https:\/\/acsglobal.ro\/en\/wp-json\/wp\/v2\/types\/product"}],"wp:featuredmedia":[{"embeddable":true,"href":"https:\/\/acsglobal.ro\/en\/wp-json\/wp\/v2\/media\/14490"}],"wp:attachment":[{"href":"https:\/\/acsglobal.ro\/en\/wp-json\/wp\/v2\/media?parent=14491"}],"wp:term":[{"taxonomy":"product_brand","embeddable":true,"href":"https:\/\/acsglobal.ro\/en\/wp-json\/wp\/v2\/product_brand?post=14491"},{"taxonomy":"product_cat","embeddable":true,"href":"https:\/\/acsglobal.ro\/en\/wp-json\/wp\/v2\/product_cat?post=14491"},{"taxonomy":"product_tag","embeddable":true,"href":"https:\/\/acsglobal.ro\/en\/wp-json\/wp\/v2\/product_tag?post=14491"}],"curies":[{"name":"wp","href":"https:\/\/api.w.org\/{rel}","templated":true}]}}