{"id":14493,"date":"2021-12-16T09:39:37","date_gmt":"2021-12-16T07:39:37","guid":{"rendered":"https:\/\/acsglobal.ro\/product\/grg-scula-manuala-pentru-aplicat-nasturi-cu-snur\/"},"modified":"2021-12-16T09:39:37","modified_gmt":"2021-12-16T07:39:37","slug":"grg-scula-manuala-pentru-aplicat-nasturi-cu-snur","status":"publish","type":"product","link":"https:\/\/acsglobal.ro\/en\/product\/grg-scula-manuala-pentru-aplicat-nasturi-cu-snur\/","title":{"rendered":"GRG \u2013 SCUL\u0102 MANUAL\u0102 PENTRU APLICAT NASTURI CU \u015eNUR"},"content":{"rendered":"","protected":false},"excerpt":{"rendered":"<p>Produs ce permite aplicarea nasturilor cu \u0219nur at\u00e2t pe pernele de sine st\u0103t\u0103toare, c\u00e2t \u0219i pe perna din spatele canapelei; exist\u0103 variet\u0103\u021bi pentru nasturii cu o singur\u0103 fa\u021b\u0103, cu dou\u0103 fe\u021be \u0219i tip O.<\/p>","protected":false},"featured_media":14492,"template":"","meta":[],"product_brand":[],"product_cat":[58,94],"product_tag":[],"class_list":{"0":"post-14493","1":"product","2":"type-product","3":"status-publish","4":"has-post-thumbnail","6":"product_cat-scule","7":"product_cat-scule-pt-nasturi-si-cuie-ornamentale","8":"cms-has-post-thumbnail","10":"first","11":"instock","12":"shipping-taxable","13":"purchasable","14":"product-type-simple"},"_links":{"self":[{"href":"https:\/\/acsglobal.ro\/en\/wp-json\/wp\/v2\/product\/14493","targetHints":{"allow":["GET"]}}],"collection":[{"href":"https:\/\/acsglobal.ro\/en\/wp-json\/wp\/v2\/product"}],"about":[{"href":"https:\/\/acsglobal.ro\/en\/wp-json\/wp\/v2\/types\/product"}],"wp:featuredmedia":[{"embeddable":true,"href":"https:\/\/acsglobal.ro\/en\/wp-json\/wp\/v2\/media\/14492"}],"wp:attachment":[{"href":"https:\/\/acsglobal.ro\/en\/wp-json\/wp\/v2\/media?parent=14493"}],"wp:term":[{"taxonomy":"product_brand","embeddable":true,"href":"https:\/\/acsglobal.ro\/en\/wp-json\/wp\/v2\/product_brand?post=14493"},{"taxonomy":"product_cat","embeddable":true,"href":"https:\/\/acsglobal.ro\/en\/wp-json\/wp\/v2\/product_cat?post=14493"},{"taxonomy":"product_tag","embeddable":true,"href":"https:\/\/acsglobal.ro\/en\/wp-json\/wp\/v2\/product_tag?post=14493"}],"curies":[{"name":"wp","href":"https:\/\/api.w.org\/{rel}","templated":true}]}}