{"id":14496,"date":"2021-12-16T09:39:41","date_gmt":"2021-12-16T07:39:41","guid":{"rendered":"https:\/\/acsglobal.ro\/product\/presa-pneumatica-decupat-si-acoperit-nasturi-cuie-metalice\/"},"modified":"2021-12-16T09:39:45","modified_gmt":"2021-12-16T07:39:45","slug":"presa-pneumatica-decupat-si-acoperit-nasturi-cuie-metalice","status":"publish","type":"product","link":"https:\/\/acsglobal.ro\/en\/product\/presa-pneumatica-decupat-si-acoperit-nasturi-cuie-metalice\/","title":{"rendered":"PRES\u0102 PNEUMATIC\u0102 DECUPAT \u015eI ACOPERIT NASTURI \/ CUIE METALICE"},"content":{"rendered":"","protected":false},"excerpt":{"rendered":"<p>Presa pneumatic\u0103 format\u0103 dintr-un ansamblu compus din 2 ma\u0219ini pneumatice, una care taie \u021bes\u0103turi \u0219i a doua care acoper\u0103 nasturi \u0219i\/sau cuie metalice<\/p>\n<p>MATERIALE: stof\u0103, piele artificial\u0103, piele natural\u0103<\/p>\n<p>PRESIUNE AER: 5 &#8211; 6 bar<\/p>\n<p>NASTURI\/OR\u0102: max. 650 buc<\/p>","protected":false},"featured_media":14494,"template":"","meta":[],"product_brand":[],"product_cat":[58,94],"product_tag":[],"class_list":{"0":"post-14496","1":"product","2":"type-product","3":"status-publish","4":"has-post-thumbnail","6":"product_cat-scule","7":"product_cat-scule-pt-nasturi-si-cuie-ornamentale","8":"cms-has-post-thumbnail","10":"first","11":"instock","12":"shipping-taxable","13":"purchasable","14":"product-type-variable"},"_links":{"self":[{"href":"https:\/\/acsglobal.ro\/en\/wp-json\/wp\/v2\/product\/14496","targetHints":{"allow":["GET"]}}],"collection":[{"href":"https:\/\/acsglobal.ro\/en\/wp-json\/wp\/v2\/product"}],"about":[{"href":"https:\/\/acsglobal.ro\/en\/wp-json\/wp\/v2\/types\/product"}],"wp:featuredmedia":[{"embeddable":true,"href":"https:\/\/acsglobal.ro\/en\/wp-json\/wp\/v2\/media\/14494"}],"wp:attachment":[{"href":"https:\/\/acsglobal.ro\/en\/wp-json\/wp\/v2\/media?parent=14496"}],"wp:term":[{"taxonomy":"product_brand","embeddable":true,"href":"https:\/\/acsglobal.ro\/en\/wp-json\/wp\/v2\/product_brand?post=14496"},{"taxonomy":"product_cat","embeddable":true,"href":"https:\/\/acsglobal.ro\/en\/wp-json\/wp\/v2\/product_cat?post=14496"},{"taxonomy":"product_tag","embeddable":true,"href":"https:\/\/acsglobal.ro\/en\/wp-json\/wp\/v2\/product_tag?post=14496"}],"curies":[{"name":"wp","href":"https:\/\/api.w.org\/{rel}","templated":true}]}}