{"id":14505,"date":"2021-12-16T09:39:57","date_gmt":"2021-12-16T07:39:57","guid":{"rendered":"https:\/\/acsglobal.ro\/product\/soru-scula-manuala-pentru-aplicat-nasturi-cu-ata\/"},"modified":"2021-12-16T09:39:57","modified_gmt":"2021-12-16T07:39:57","slug":"soru-scula-manuala-pentru-aplicat-nasturi-cu-ata","status":"publish","type":"product","link":"https:\/\/acsglobal.ro\/en\/product\/soru-scula-manuala-pentru-aplicat-nasturi-cu-ata\/","title":{"rendered":"SORU \u2013 SCUL\u0102 MANUAL\u0102 PENTRU APLICAT NASTURI CU A\u0162\u0102"},"content":{"rendered":"","protected":false},"excerpt":{"rendered":"<p>Unealt\u0103 ce permite aplicarea nasturilor cu a\u0163\u0103 at\u00e2t pe pernele de sine st\u0103t\u0103toare, c\u00e2t \u0219i pe perna din spatele canapelei; dimensiunea standard a acului este de 30 cm<\/p>","protected":false},"featured_media":14504,"template":"","meta":[],"product_brand":[],"product_cat":[58,94],"product_tag":[],"class_list":{"0":"post-14505","1":"product","2":"type-product","3":"status-publish","4":"has-post-thumbnail","6":"product_cat-scule","7":"product_cat-scule-pt-nasturi-si-cuie-ornamentale","8":"cms-has-post-thumbnail","10":"first","11":"instock","12":"shipping-taxable","13":"purchasable","14":"product-type-simple"},"_links":{"self":[{"href":"https:\/\/acsglobal.ro\/en\/wp-json\/wp\/v2\/product\/14505","targetHints":{"allow":["GET"]}}],"collection":[{"href":"https:\/\/acsglobal.ro\/en\/wp-json\/wp\/v2\/product"}],"about":[{"href":"https:\/\/acsglobal.ro\/en\/wp-json\/wp\/v2\/types\/product"}],"wp:featuredmedia":[{"embeddable":true,"href":"https:\/\/acsglobal.ro\/en\/wp-json\/wp\/v2\/media\/14504"}],"wp:attachment":[{"href":"https:\/\/acsglobal.ro\/en\/wp-json\/wp\/v2\/media?parent=14505"}],"wp:term":[{"taxonomy":"product_brand","embeddable":true,"href":"https:\/\/acsglobal.ro\/en\/wp-json\/wp\/v2\/product_brand?post=14505"},{"taxonomy":"product_cat","embeddable":true,"href":"https:\/\/acsglobal.ro\/en\/wp-json\/wp\/v2\/product_cat?post=14505"},{"taxonomy":"product_tag","embeddable":true,"href":"https:\/\/acsglobal.ro\/en\/wp-json\/wp\/v2\/product_tag?post=14505"}],"curies":[{"name":"wp","href":"https:\/\/api.w.org\/{rel}","templated":true}]}}