{"id":14507,"date":"2021-12-16T09:40:00","date_gmt":"2021-12-16T07:40:00","guid":{"rendered":"https:\/\/acsglobal.ro\/product\/mt8016-scula-pneumatica-pentru-capse-tip-80\/"},"modified":"2021-12-16T09:40:00","modified_gmt":"2021-12-16T07:40:00","slug":"mt8016-scula-pneumatica-pentru-capse-tip-80","status":"publish","type":"product","link":"https:\/\/acsglobal.ro\/en\/product\/mt8016-scula-pneumatica-pentru-capse-tip-80\/","title":{"rendered":"MT8016 \u2013  SCUL\u0102 PNEUMATIC\u0102 PENTRU CAPSE TIP 80"},"content":{"rendered":"","protected":false},"excerpt":{"rendered":"<p>Capsator pneumatic cu presiunea de lucru \u00eentre 5 \u2013 7 bari \u015fi capacitatea de stocare de 157 buc\u0103\u0163i capse tip 80<\/p>","protected":false},"featured_media":14506,"template":"","meta":[],"product_brand":[],"product_cat":[95,58],"product_tag":[],"class_list":{"0":"post-14507","1":"product","2":"type-product","3":"status-publish","4":"has-post-thumbnail","6":"product_cat-capsatoare","7":"product_cat-scule","8":"cms-has-post-thumbnail","10":"first","11":"instock","12":"shipping-taxable","13":"purchasable","14":"product-type-simple"},"_links":{"self":[{"href":"https:\/\/acsglobal.ro\/en\/wp-json\/wp\/v2\/product\/14507","targetHints":{"allow":["GET"]}}],"collection":[{"href":"https:\/\/acsglobal.ro\/en\/wp-json\/wp\/v2\/product"}],"about":[{"href":"https:\/\/acsglobal.ro\/en\/wp-json\/wp\/v2\/types\/product"}],"wp:featuredmedia":[{"embeddable":true,"href":"https:\/\/acsglobal.ro\/en\/wp-json\/wp\/v2\/media\/14506"}],"wp:attachment":[{"href":"https:\/\/acsglobal.ro\/en\/wp-json\/wp\/v2\/media?parent=14507"}],"wp:term":[{"taxonomy":"product_brand","embeddable":true,"href":"https:\/\/acsglobal.ro\/en\/wp-json\/wp\/v2\/product_brand?post=14507"},{"taxonomy":"product_cat","embeddable":true,"href":"https:\/\/acsglobal.ro\/en\/wp-json\/wp\/v2\/product_cat?post=14507"},{"taxonomy":"product_tag","embeddable":true,"href":"https:\/\/acsglobal.ro\/en\/wp-json\/wp\/v2\/product_tag?post=14507"}],"curies":[{"name":"wp","href":"https:\/\/api.w.org\/{rel}","templated":true}]}}