{"id":14511,"date":"2021-12-16T09:40:06","date_gmt":"2021-12-16T07:40:06","guid":{"rendered":"https:\/\/acsglobal.ro\/product\/9240b-scula-pneumatica-pentru-capse-tip-92\/"},"modified":"2021-12-16T09:40:06","modified_gmt":"2021-12-16T07:40:06","slug":"9240b-scula-pneumatica-pentru-capse-tip-92","status":"publish","type":"product","link":"https:\/\/acsglobal.ro\/en\/product\/9240b-scula-pneumatica-pentru-capse-tip-92\/","title":{"rendered":"9240B \u2013 SCUL\u0102 PNEUMATIC\u0102 PENTRU CAPSE TIP 92"},"content":{"rendered":"","protected":false},"excerpt":{"rendered":"<p>Capsator pneumatic cu presiunea de lucru \u00eentre 6 \u2013 8 bari \u015fi capacitate de stocare de 100 buc\u0103\u0163i capse tip 92<\/p>","protected":false},"featured_media":14510,"template":"","meta":[],"product_brand":[],"product_cat":[95,58],"product_tag":[],"class_list":{"0":"post-14511","1":"product","2":"type-product","3":"status-publish","4":"has-post-thumbnail","6":"product_cat-capsatoare","7":"product_cat-scule","8":"cms-has-post-thumbnail","10":"first","11":"instock","12":"shipping-taxable","13":"purchasable","14":"product-type-simple"},"_links":{"self":[{"href":"https:\/\/acsglobal.ro\/en\/wp-json\/wp\/v2\/product\/14511","targetHints":{"allow":["GET"]}}],"collection":[{"href":"https:\/\/acsglobal.ro\/en\/wp-json\/wp\/v2\/product"}],"about":[{"href":"https:\/\/acsglobal.ro\/en\/wp-json\/wp\/v2\/types\/product"}],"wp:featuredmedia":[{"embeddable":true,"href":"https:\/\/acsglobal.ro\/en\/wp-json\/wp\/v2\/media\/14510"}],"wp:attachment":[{"href":"https:\/\/acsglobal.ro\/en\/wp-json\/wp\/v2\/media?parent=14511"}],"wp:term":[{"taxonomy":"product_brand","embeddable":true,"href":"https:\/\/acsglobal.ro\/en\/wp-json\/wp\/v2\/product_brand?post=14511"},{"taxonomy":"product_cat","embeddable":true,"href":"https:\/\/acsglobal.ro\/en\/wp-json\/wp\/v2\/product_cat?post=14511"},{"taxonomy":"product_tag","embeddable":true,"href":"https:\/\/acsglobal.ro\/en\/wp-json\/wp\/v2\/product_tag?post=14511"}],"curies":[{"name":"wp","href":"https:\/\/api.w.org\/{rel}","templated":true}]}}