{"id":14515,"date":"2021-12-16T09:40:11","date_gmt":"2021-12-16T07:40:11","guid":{"rendered":"https:\/\/acsglobal.ro\/product\/p88u-scula-pneumatica-pentru-capse-tip-12j\/"},"modified":"2021-12-16T09:40:11","modified_gmt":"2021-12-16T07:40:11","slug":"p88u-scula-pneumatica-pentru-capse-tip-12j","status":"publish","type":"product","link":"https:\/\/acsglobal.ro\/en\/product\/p88u-scula-pneumatica-pentru-capse-tip-12j\/","title":{"rendered":"P88U \u2013 SCUL\u0102 PNEUMATIC\u0102 PENTRU CAPSE TIP 12J"},"content":{"rendered":"","protected":false},"excerpt":{"rendered":"<p>Capsator pneumatic cu presiunea de lucru \u00eentre 5 \u2013 7 bari \u015fi capacitate de stocare de 200 buc\u0103\u0163i capse tip 110 \/ 12J<\/p>","protected":false},"featured_media":14514,"template":"","meta":[],"product_brand":[],"product_cat":[95,58],"product_tag":[],"class_list":{"0":"post-14515","1":"product","2":"type-product","3":"status-publish","4":"has-post-thumbnail","6":"product_cat-capsatoare","7":"product_cat-scule","8":"cms-has-post-thumbnail","10":"first","11":"instock","12":"shipping-taxable","13":"purchasable","14":"product-type-simple"},"_links":{"self":[{"href":"https:\/\/acsglobal.ro\/en\/wp-json\/wp\/v2\/product\/14515","targetHints":{"allow":["GET"]}}],"collection":[{"href":"https:\/\/acsglobal.ro\/en\/wp-json\/wp\/v2\/product"}],"about":[{"href":"https:\/\/acsglobal.ro\/en\/wp-json\/wp\/v2\/types\/product"}],"wp:featuredmedia":[{"embeddable":true,"href":"https:\/\/acsglobal.ro\/en\/wp-json\/wp\/v2\/media\/14514"}],"wp:attachment":[{"href":"https:\/\/acsglobal.ro\/en\/wp-json\/wp\/v2\/media?parent=14515"}],"wp:term":[{"taxonomy":"product_brand","embeddable":true,"href":"https:\/\/acsglobal.ro\/en\/wp-json\/wp\/v2\/product_brand?post=14515"},{"taxonomy":"product_cat","embeddable":true,"href":"https:\/\/acsglobal.ro\/en\/wp-json\/wp\/v2\/product_cat?post=14515"},{"taxonomy":"product_tag","embeddable":true,"href":"https:\/\/acsglobal.ro\/en\/wp-json\/wp\/v2\/product_tag?post=14515"}],"curies":[{"name":"wp","href":"https:\/\/api.w.org\/{rel}","templated":true}]}}