{"id":14523,"date":"2021-12-16T09:40:23","date_gmt":"2021-12-16T07:40:23","guid":{"rendered":"https:\/\/acsglobal.ro\/product\/cn90-scula-pneumatica-pentru-cuie-in-rola-ring\/"},"modified":"2021-12-16T09:40:23","modified_gmt":"2021-12-16T07:40:23","slug":"cn90-scula-pneumatica-pentru-cuie-in-rola-ring","status":"publish","type":"product","link":"https:\/\/acsglobal.ro\/en\/product\/cn90-scula-pneumatica-pentru-cuie-in-rola-ring\/","title":{"rendered":"CN90 \u2013 SCUL\u0102 PNEUMATIC\u0102 PENTRU CUIE \u00ceN ROL\u0102, RING"},"content":{"rendered":"","protected":false},"excerpt":{"rendered":"<p>Ciocan pneumatic cu presiunea de lucru \u00eentre 5 \u2013 7 bari \u015fi capacitate de stocare de 225 &#8211; 300 buc\u0103\u0163i cuie \u00een rol\u0103 de grosime \u00eentre 2,5 \u2013 3,3 mm<\/p>","protected":false},"featured_media":14522,"template":"","meta":[],"product_brand":[],"product_cat":[223,58],"product_tag":[],"class_list":{"0":"post-14523","1":"product","2":"type-product","3":"status-publish","4":"has-post-thumbnail","6":"product_cat-ciocane-pneumatice","7":"product_cat-scule","8":"cms-has-post-thumbnail","10":"first","11":"instock","12":"shipping-taxable","13":"purchasable","14":"product-type-simple"},"_links":{"self":[{"href":"https:\/\/acsglobal.ro\/en\/wp-json\/wp\/v2\/product\/14523","targetHints":{"allow":["GET"]}}],"collection":[{"href":"https:\/\/acsglobal.ro\/en\/wp-json\/wp\/v2\/product"}],"about":[{"href":"https:\/\/acsglobal.ro\/en\/wp-json\/wp\/v2\/types\/product"}],"wp:featuredmedia":[{"embeddable":true,"href":"https:\/\/acsglobal.ro\/en\/wp-json\/wp\/v2\/media\/14522"}],"wp:attachment":[{"href":"https:\/\/acsglobal.ro\/en\/wp-json\/wp\/v2\/media?parent=14523"}],"wp:term":[{"taxonomy":"product_brand","embeddable":true,"href":"https:\/\/acsglobal.ro\/en\/wp-json\/wp\/v2\/product_brand?post=14523"},{"taxonomy":"product_cat","embeddable":true,"href":"https:\/\/acsglobal.ro\/en\/wp-json\/wp\/v2\/product_cat?post=14523"},{"taxonomy":"product_tag","embeddable":true,"href":"https:\/\/acsglobal.ro\/en\/wp-json\/wp\/v2\/product_tag?post=14523"}],"curies":[{"name":"wp","href":"https:\/\/api.w.org\/{rel}","templated":true}]}}