{"id":14525,"date":"2021-12-16T09:40:26","date_gmt":"2021-12-16T07:40:26","guid":{"rendered":"https:\/\/acsglobal.ro\/product\/9040-440kb-piese-de-schimb\/"},"modified":"2021-12-16T09:40:31","modified_gmt":"2021-12-16T07:40:31","slug":"9040-440kb-piese-de-schimb","status":"publish","type":"product","link":"https:\/\/acsglobal.ro\/en\/product\/9040-440kb-piese-de-schimb\/","title":{"rendered":"9040 \/440KB \u2013 PIESE DE SCHIMB"},"content":{"rendered":"","protected":false},"excerpt":{"rendered":"<p>Pentru toate piesele de schimb pentru capsatorul pneumatic 9040, v\u0103 recomand\u0103m s\u0103 urm\u0103ri\u0163i schema al\u0103turat\u0103 \u015fi s\u0103 comanda\u0163i nr. \u00eenscris pe schem\u0103 pentru piesa dorit\u0103.<\/p>","protected":false},"featured_media":14524,"template":"","meta":[],"product_brand":[],"product_cat":[222,58],"product_tag":[],"class_list":{"0":"post-14525","1":"product","2":"type-product","3":"status-publish","4":"has-post-thumbnail","6":"product_cat-piese-de-schimb","7":"product_cat-scule","8":"cms-has-post-thumbnail","10":"first","11":"instock","12":"shipping-taxable","13":"purchasable","14":"product-type-variable"},"_links":{"self":[{"href":"https:\/\/acsglobal.ro\/en\/wp-json\/wp\/v2\/product\/14525","targetHints":{"allow":["GET"]}}],"collection":[{"href":"https:\/\/acsglobal.ro\/en\/wp-json\/wp\/v2\/product"}],"about":[{"href":"https:\/\/acsglobal.ro\/en\/wp-json\/wp\/v2\/types\/product"}],"wp:featuredmedia":[{"embeddable":true,"href":"https:\/\/acsglobal.ro\/en\/wp-json\/wp\/v2\/media\/14524"}],"wp:attachment":[{"href":"https:\/\/acsglobal.ro\/en\/wp-json\/wp\/v2\/media?parent=14525"}],"wp:term":[{"taxonomy":"product_brand","embeddable":true,"href":"https:\/\/acsglobal.ro\/en\/wp-json\/wp\/v2\/product_brand?post=14525"},{"taxonomy":"product_cat","embeddable":true,"href":"https:\/\/acsglobal.ro\/en\/wp-json\/wp\/v2\/product_cat?post=14525"},{"taxonomy":"product_tag","embeddable":true,"href":"https:\/\/acsglobal.ro\/en\/wp-json\/wp\/v2\/product_tag?post=14525"}],"curies":[{"name":"wp","href":"https:\/\/api.w.org\/{rel}","templated":true}]}}