{"id":14597,"date":"2021-12-16T09:43:05","date_gmt":"2021-12-16T07:43:05","guid":{"rendered":"https:\/\/acsglobal.ro\/product\/scula-pneumatica-pentru-montaj-chinga-elastica\/"},"modified":"2021-12-16T09:43:05","modified_gmt":"2021-12-16T07:43:05","slug":"scula-pneumatica-pentru-montaj-chinga-elastica","status":"publish","type":"product","link":"https:\/\/acsglobal.ro\/en\/product\/scula-pneumatica-pentru-montaj-chinga-elastica\/","title":{"rendered":"SCUL\u0102 PNEUMATIC\u0102 PENTRU MONTAJ CHING\u0102 ELASTIC\u0102"},"content":{"rendered":"","protected":false},"excerpt":{"rendered":"<p>Dispozitiv pneumatic pentru \u00eentinderea uniforma a chingii elastice<\/p>","protected":false},"featured_media":0,"template":"","meta":[],"product_brand":[],"product_cat":[96,58],"product_tag":[],"class_list":{"0":"post-14597","1":"product","2":"type-product","3":"status-publish","5":"product_cat-alte-scule","6":"product_cat-scule","7":"cms-has-post-thumbnail","9":"first","10":"instock","11":"shipping-taxable","12":"purchasable","13":"product-type-simple"},"_links":{"self":[{"href":"https:\/\/acsglobal.ro\/en\/wp-json\/wp\/v2\/product\/14597","targetHints":{"allow":["GET"]}}],"collection":[{"href":"https:\/\/acsglobal.ro\/en\/wp-json\/wp\/v2\/product"}],"about":[{"href":"https:\/\/acsglobal.ro\/en\/wp-json\/wp\/v2\/types\/product"}],"wp:attachment":[{"href":"https:\/\/acsglobal.ro\/en\/wp-json\/wp\/v2\/media?parent=14597"}],"wp:term":[{"taxonomy":"product_brand","embeddable":true,"href":"https:\/\/acsglobal.ro\/en\/wp-json\/wp\/v2\/product_brand?post=14597"},{"taxonomy":"product_cat","embeddable":true,"href":"https:\/\/acsglobal.ro\/en\/wp-json\/wp\/v2\/product_cat?post=14597"},{"taxonomy":"product_tag","embeddable":true,"href":"https:\/\/acsglobal.ro\/en\/wp-json\/wp\/v2\/product_tag?post=14597"}],"curies":[{"name":"wp","href":"https:\/\/api.w.org\/{rel}","templated":true}]}}