{"id":14601,"date":"2021-12-16T09:43:11","date_gmt":"2021-12-16T07:43:11","guid":{"rendered":"https:\/\/acsglobal.ro\/product\/ddp-15-pompa-cu-dubla-diafragma-debit-15l-min\/"},"modified":"2021-12-16T09:43:11","modified_gmt":"2021-12-16T07:43:11","slug":"ddp-15-pompa-cu-dubla-diafragma-debit-15l-min","status":"publish","type":"product","link":"https:\/\/acsglobal.ro\/en\/product\/ddp-15-pompa-cu-dubla-diafragma-debit-15l-min\/","title":{"rendered":"DDP-15 \u2013 POMP\u0102  CU DUBL\u0102  DIAFRAGM\u0102 , DEBIT 15L\/MIN."},"content":{"rendered":"","protected":false},"excerpt":{"rendered":"<p>Pomp\u0103 pentru extragerea adezivului de tapi\u0163erie din butoaie \u015fi men\u0163inerea lui presurizat, f\u0103r\u0103 contact cu aer, interval optim de temperatur\u0103 de lucru 5\u02da- 40\u02daC. <\/p>","protected":false},"featured_media":14600,"template":"","meta":[],"product_brand":[],"product_cat":[96,58],"product_tag":[],"class_list":{"0":"post-14601","1":"product","2":"type-product","3":"status-publish","4":"has-post-thumbnail","6":"product_cat-alte-scule","7":"product_cat-scule","8":"cms-has-post-thumbnail","10":"first","11":"instock","12":"shipping-taxable","13":"purchasable","14":"product-type-simple"},"_links":{"self":[{"href":"https:\/\/acsglobal.ro\/en\/wp-json\/wp\/v2\/product\/14601","targetHints":{"allow":["GET"]}}],"collection":[{"href":"https:\/\/acsglobal.ro\/en\/wp-json\/wp\/v2\/product"}],"about":[{"href":"https:\/\/acsglobal.ro\/en\/wp-json\/wp\/v2\/types\/product"}],"wp:featuredmedia":[{"embeddable":true,"href":"https:\/\/acsglobal.ro\/en\/wp-json\/wp\/v2\/media\/14600"}],"wp:attachment":[{"href":"https:\/\/acsglobal.ro\/en\/wp-json\/wp\/v2\/media?parent=14601"}],"wp:term":[{"taxonomy":"product_brand","embeddable":true,"href":"https:\/\/acsglobal.ro\/en\/wp-json\/wp\/v2\/product_brand?post=14601"},{"taxonomy":"product_cat","embeddable":true,"href":"https:\/\/acsglobal.ro\/en\/wp-json\/wp\/v2\/product_cat?post=14601"},{"taxonomy":"product_tag","embeddable":true,"href":"https:\/\/acsglobal.ro\/en\/wp-json\/wp\/v2\/product_tag?post=14601"}],"curies":[{"name":"wp","href":"https:\/\/api.w.org\/{rel}","templated":true}]}}