{"id":14607,"date":"2021-12-16T09:43:20","date_gmt":"2021-12-16T07:43:20","guid":{"rendered":"https:\/\/acsglobal.ro\/product\/n851f-scula-pneumatica-pt-capse\/"},"modified":"2021-12-16T09:43:20","modified_gmt":"2021-12-16T07:43:20","slug":"n851f-scula-pneumatica-pt-capse","status":"publish","type":"product","link":"https:\/\/acsglobal.ro\/en\/product\/n851f-scula-pneumatica-pt-capse\/","title":{"rendered":"N851F \u2013 SCUL\u0102  PNEUMATIC\u0102 PT. CAPSE"},"content":{"rendered":"","protected":false},"excerpt":{"rendered":"<p>Scul\u0103 pneumatic\u0103 pentru capse tip???<\/p>","protected":false},"featured_media":14606,"template":"","meta":[],"product_brand":[],"product_cat":[96,58],"product_tag":[],"class_list":{"0":"post-14607","1":"product","2":"type-product","3":"status-publish","4":"has-post-thumbnail","6":"product_cat-alte-scule","7":"product_cat-scule","8":"cms-has-post-thumbnail","10":"first","11":"instock","12":"shipping-taxable","13":"purchasable","14":"product-type-simple"},"_links":{"self":[{"href":"https:\/\/acsglobal.ro\/en\/wp-json\/wp\/v2\/product\/14607","targetHints":{"allow":["GET"]}}],"collection":[{"href":"https:\/\/acsglobal.ro\/en\/wp-json\/wp\/v2\/product"}],"about":[{"href":"https:\/\/acsglobal.ro\/en\/wp-json\/wp\/v2\/types\/product"}],"wp:featuredmedia":[{"embeddable":true,"href":"https:\/\/acsglobal.ro\/en\/wp-json\/wp\/v2\/media\/14606"}],"wp:attachment":[{"href":"https:\/\/acsglobal.ro\/en\/wp-json\/wp\/v2\/media?parent=14607"}],"wp:term":[{"taxonomy":"product_brand","embeddable":true,"href":"https:\/\/acsglobal.ro\/en\/wp-json\/wp\/v2\/product_brand?post=14607"},{"taxonomy":"product_cat","embeddable":true,"href":"https:\/\/acsglobal.ro\/en\/wp-json\/wp\/v2\/product_cat?post=14607"},{"taxonomy":"product_tag","embeddable":true,"href":"https:\/\/acsglobal.ro\/en\/wp-json\/wp\/v2\/product_tag?post=14607"}],"curies":[{"name":"wp","href":"https:\/\/api.w.org\/{rel}","templated":true}]}}