{"id":14613,"date":"2021-12-16T09:43:31","date_gmt":"2021-12-16T07:43:31","guid":{"rendered":"https:\/\/acsglobal.ro\/product\/v1015b-scula-pneumatica-pt-cuie-tip-v\/"},"modified":"2021-12-16T09:43:31","modified_gmt":"2021-12-16T07:43:31","slug":"v1015b-scula-pneumatica-pt-cuie-tip-v","status":"publish","type":"product","link":"https:\/\/acsglobal.ro\/en\/product\/v1015b-scula-pneumatica-pt-cuie-tip-v\/","title":{"rendered":"V1015B \u2013 SCUL\u0102 PNEUMATIC\u0102 PT. CUIE TIP V"},"content":{"rendered":"","protected":false},"excerpt":{"rendered":"<p>Sculc pneumatic\u0103 pentru cuie tip V<\/p>","protected":false},"featured_media":14612,"template":"","meta":[],"product_brand":[],"product_cat":[96,58],"product_tag":[],"class_list":{"0":"post-14613","1":"product","2":"type-product","3":"status-publish","4":"has-post-thumbnail","6":"product_cat-alte-scule","7":"product_cat-scule","8":"cms-has-post-thumbnail","10":"first","11":"instock","12":"shipping-taxable","13":"purchasable","14":"product-type-simple"},"_links":{"self":[{"href":"https:\/\/acsglobal.ro\/en\/wp-json\/wp\/v2\/product\/14613","targetHints":{"allow":["GET"]}}],"collection":[{"href":"https:\/\/acsglobal.ro\/en\/wp-json\/wp\/v2\/product"}],"about":[{"href":"https:\/\/acsglobal.ro\/en\/wp-json\/wp\/v2\/types\/product"}],"wp:featuredmedia":[{"embeddable":true,"href":"https:\/\/acsglobal.ro\/en\/wp-json\/wp\/v2\/media\/14612"}],"wp:attachment":[{"href":"https:\/\/acsglobal.ro\/en\/wp-json\/wp\/v2\/media?parent=14613"}],"wp:term":[{"taxonomy":"product_brand","embeddable":true,"href":"https:\/\/acsglobal.ro\/en\/wp-json\/wp\/v2\/product_brand?post=14613"},{"taxonomy":"product_cat","embeddable":true,"href":"https:\/\/acsglobal.ro\/en\/wp-json\/wp\/v2\/product_cat?post=14613"},{"taxonomy":"product_tag","embeddable":true,"href":"https:\/\/acsglobal.ro\/en\/wp-json\/wp\/v2\/product_tag?post=14613"}],"curies":[{"name":"wp","href":"https:\/\/api.w.org\/{rel}","templated":true}]}}