{"id":14615,"date":"2021-12-16T09:43:34","date_gmt":"2021-12-16T07:43:34","guid":{"rendered":"https:\/\/acsglobal.ro\/product\/mtcs3040l-scula-pneumatica-pt-cuie-pt-beton\/"},"modified":"2021-12-16T09:43:34","modified_gmt":"2021-12-16T07:43:34","slug":"mtcs3040l-scula-pneumatica-pt-cuie-pt-beton","status":"publish","type":"product","link":"https:\/\/acsglobal.ro\/en\/product\/mtcs3040l-scula-pneumatica-pt-cuie-pt-beton\/","title":{"rendered":"MTCS3040L \u2013 SCUL\u0102 PNEUMATICA PT. CUIE PT. BETON"},"content":{"rendered":"","protected":false},"excerpt":{"rendered":"<p>Scul\u0103 pneumatic\u0103 pentru cuie beton<\/p>","protected":false},"featured_media":14614,"template":"","meta":[],"product_brand":[],"product_cat":[96,58],"product_tag":[],"class_list":{"0":"post-14615","1":"product","2":"type-product","3":"status-publish","4":"has-post-thumbnail","6":"product_cat-alte-scule","7":"product_cat-scule","8":"cms-has-post-thumbnail","10":"first","11":"instock","12":"shipping-taxable","13":"purchasable","14":"product-type-simple"},"_links":{"self":[{"href":"https:\/\/acsglobal.ro\/en\/wp-json\/wp\/v2\/product\/14615","targetHints":{"allow":["GET"]}}],"collection":[{"href":"https:\/\/acsglobal.ro\/en\/wp-json\/wp\/v2\/product"}],"about":[{"href":"https:\/\/acsglobal.ro\/en\/wp-json\/wp\/v2\/types\/product"}],"wp:featuredmedia":[{"embeddable":true,"href":"https:\/\/acsglobal.ro\/en\/wp-json\/wp\/v2\/media\/14614"}],"wp:attachment":[{"href":"https:\/\/acsglobal.ro\/en\/wp-json\/wp\/v2\/media?parent=14615"}],"wp:term":[{"taxonomy":"product_brand","embeddable":true,"href":"https:\/\/acsglobal.ro\/en\/wp-json\/wp\/v2\/product_brand?post=14615"},{"taxonomy":"product_cat","embeddable":true,"href":"https:\/\/acsglobal.ro\/en\/wp-json\/wp\/v2\/product_cat?post=14615"},{"taxonomy":"product_tag","embeddable":true,"href":"https:\/\/acsglobal.ro\/en\/wp-json\/wp\/v2\/product_tag?post=14615"}],"curies":[{"name":"wp","href":"https:\/\/api.w.org\/{rel}","templated":true}]}}