{"id":14617,"date":"2021-12-16T09:43:37","date_gmt":"2021-12-16T07:43:37","guid":{"rendered":"https:\/\/acsglobal.ro\/product\/chinga-elastica-50mm\/"},"modified":"2021-12-16T09:43:47","modified_gmt":"2021-12-16T07:43:47","slug":"chinga-elastica-50mm","status":"publish","type":"product","link":"https:\/\/acsglobal.ro\/en\/product\/chinga-elastica-50mm\/","title":{"rendered":"CHING\u0102 ELASTIC\u0102 50MM"},"content":{"rendered":"","protected":false},"excerpt":{"rendered":"<p>Ching\u0103 elastic\u0103 pentru tapi\u0163erie \u00een role de 100 metri liniari (ML)<\/p>","protected":false},"featured_media":14616,"template":"","meta":[],"product_brand":[],"product_cat":[59,97],"product_tag":[],"class_list":{"0":"post-14617","1":"product","2":"type-product","3":"status-publish","4":"has-post-thumbnail","6":"product_cat-chinga","7":"product_cat-chinga-elastica","8":"cms-has-post-thumbnail","10":"first","11":"instock","12":"shipping-taxable","13":"purchasable","14":"product-type-variable"},"_links":{"self":[{"href":"https:\/\/acsglobal.ro\/en\/wp-json\/wp\/v2\/product\/14617","targetHints":{"allow":["GET"]}}],"collection":[{"href":"https:\/\/acsglobal.ro\/en\/wp-json\/wp\/v2\/product"}],"about":[{"href":"https:\/\/acsglobal.ro\/en\/wp-json\/wp\/v2\/types\/product"}],"wp:featuredmedia":[{"embeddable":true,"href":"https:\/\/acsglobal.ro\/en\/wp-json\/wp\/v2\/media\/14616"}],"wp:attachment":[{"href":"https:\/\/acsglobal.ro\/en\/wp-json\/wp\/v2\/media?parent=14617"}],"wp:term":[{"taxonomy":"product_brand","embeddable":true,"href":"https:\/\/acsglobal.ro\/en\/wp-json\/wp\/v2\/product_brand?post=14617"},{"taxonomy":"product_cat","embeddable":true,"href":"https:\/\/acsglobal.ro\/en\/wp-json\/wp\/v2\/product_cat?post=14617"},{"taxonomy":"product_tag","embeddable":true,"href":"https:\/\/acsglobal.ro\/en\/wp-json\/wp\/v2\/product_tag?post=14617"}],"curies":[{"name":"wp","href":"https:\/\/api.w.org\/{rel}","templated":true}]}}