{"id":14633,"date":"2021-12-16T09:44:12","date_gmt":"2021-12-16T07:44:12","guid":{"rendered":"https:\/\/acsglobal.ro\/product\/chinga-rigida-saltele-42mm-x-100m-simpla-diferite-culori\/"},"modified":"2021-12-16T09:44:23","modified_gmt":"2021-12-16T07:44:23","slug":"chinga-rigida-saltele-42mm-x-100m-simpla-diferite-culori","status":"publish","type":"product","link":"https:\/\/acsglobal.ro\/en\/product\/chinga-rigida-saltele-42mm-x-100m-simpla-diferite-culori\/","title":{"rendered":"CHING\u0102  RIGID\u0102 SALTELE 42MM x 100M, SIMPL\u0102, DIFERITE CULORI"},"content":{"rendered":"","protected":false},"excerpt":{"rendered":"<p>Ching\u0103 rigid\u0103 pentru saltele \u00een role de 100 metri liniari (ML)<\/p>","protected":false},"featured_media":14632,"template":"","meta":[],"product_brand":[],"product_cat":[59,99],"product_tag":[],"class_list":{"0":"post-14633","1":"product","2":"type-product","3":"status-publish","4":"has-post-thumbnail","6":"product_cat-chinga","7":"product_cat-chinga-rigida-saltele","8":"cms-has-post-thumbnail","10":"first","11":"instock","12":"shipping-taxable","13":"purchasable","14":"product-type-variable"},"_links":{"self":[{"href":"https:\/\/acsglobal.ro\/en\/wp-json\/wp\/v2\/product\/14633","targetHints":{"allow":["GET"]}}],"collection":[{"href":"https:\/\/acsglobal.ro\/en\/wp-json\/wp\/v2\/product"}],"about":[{"href":"https:\/\/acsglobal.ro\/en\/wp-json\/wp\/v2\/types\/product"}],"wp:featuredmedia":[{"embeddable":true,"href":"https:\/\/acsglobal.ro\/en\/wp-json\/wp\/v2\/media\/14632"}],"wp:attachment":[{"href":"https:\/\/acsglobal.ro\/en\/wp-json\/wp\/v2\/media?parent=14633"}],"wp:term":[{"taxonomy":"product_brand","embeddable":true,"href":"https:\/\/acsglobal.ro\/en\/wp-json\/wp\/v2\/product_brand?post=14633"},{"taxonomy":"product_cat","embeddable":true,"href":"https:\/\/acsglobal.ro\/en\/wp-json\/wp\/v2\/product_cat?post=14633"},{"taxonomy":"product_tag","embeddable":true,"href":"https:\/\/acsglobal.ro\/en\/wp-json\/wp\/v2\/product_tag?post=14633"}],"curies":[{"name":"wp","href":"https:\/\/api.w.org\/{rel}","templated":true}]}}