{"id":14644,"date":"2021-12-16T09:44:33","date_gmt":"2021-12-16T07:44:33","guid":{"rendered":"https:\/\/acsglobal.ro\/product\/mt2-xx-chinga-saltele-42mmx100m-alb-romb-mic-alb\/"},"modified":"2021-12-16T09:44:33","modified_gmt":"2021-12-16T07:44:33","slug":"mt2-xx-chinga-saltele-42mmx100m-alb-romb-mic-alb","status":"publish","type":"product","link":"https:\/\/acsglobal.ro\/en\/product\/mt2-xx-chinga-saltele-42mmx100m-alb-romb-mic-alb\/","title":{"rendered":"MT2-XX \u2013 CHING\u0102 SALTELE 42MMx100M, ALB, ROMB MIC ALB"},"content":{"rendered":"","protected":false},"excerpt":{"rendered":"<p>Ching\u0103 rigid\u0103 pentru saltele \u00een role de 100 metri liniari (ML)<\/p>","protected":false},"featured_media":14643,"template":"","meta":[],"product_brand":[],"product_cat":[59,99],"product_tag":[],"class_list":{"0":"post-14644","1":"product","2":"type-product","3":"status-publish","4":"has-post-thumbnail","6":"product_cat-chinga","7":"product_cat-chinga-rigida-saltele","8":"cms-has-post-thumbnail","10":"first","11":"instock","12":"shipping-taxable","13":"purchasable","14":"product-type-simple"},"_links":{"self":[{"href":"https:\/\/acsglobal.ro\/en\/wp-json\/wp\/v2\/product\/14644","targetHints":{"allow":["GET"]}}],"collection":[{"href":"https:\/\/acsglobal.ro\/en\/wp-json\/wp\/v2\/product"}],"about":[{"href":"https:\/\/acsglobal.ro\/en\/wp-json\/wp\/v2\/types\/product"}],"wp:featuredmedia":[{"embeddable":true,"href":"https:\/\/acsglobal.ro\/en\/wp-json\/wp\/v2\/media\/14643"}],"wp:attachment":[{"href":"https:\/\/acsglobal.ro\/en\/wp-json\/wp\/v2\/media?parent=14644"}],"wp:term":[{"taxonomy":"product_brand","embeddable":true,"href":"https:\/\/acsglobal.ro\/en\/wp-json\/wp\/v2\/product_brand?post=14644"},{"taxonomy":"product_cat","embeddable":true,"href":"https:\/\/acsglobal.ro\/en\/wp-json\/wp\/v2\/product_cat?post=14644"},{"taxonomy":"product_tag","embeddable":true,"href":"https:\/\/acsglobal.ro\/en\/wp-json\/wp\/v2\/product_tag?post=14644"}],"curies":[{"name":"wp","href":"https:\/\/api.w.org\/{rel}","templated":true}]}}