{"id":14813,"date":"2021-12-16T09:50:20","date_gmt":"2021-12-16T07:50:20","guid":{"rendered":"https:\/\/acsglobal.ro\/product\/ata-100-pe-fibre-ekospun-36-3-3-000m-con\/"},"modified":"2021-12-16T09:50:43","modified_gmt":"2021-12-16T07:50:43","slug":"ata-100-pe-fibre-ekospun-36-3-3-000m-con","status":"publish","type":"product","link":"https:\/\/acsglobal.ro\/en\/product\/ata-100-pe-fibre-ekospun-36-3-3-000m-con\/","title":{"rendered":"A\u0162\u0102 100% PE FIBRE EKOSPUN  36\/3, 3.000M\/CON"},"content":{"rendered":"","protected":false},"excerpt":{"rendered":"<p>A\u0163\u0103 de cusut din poliester pentru tapi\u0163erie<\/p>","protected":false},"featured_media":14812,"template":"","meta":[],"product_brand":[],"product_cat":[60,102],"product_tag":[],"class_list":{"0":"post-14813","1":"product","2":"type-product","3":"status-publish","4":"has-post-thumbnail","6":"product_cat-ata-de-cusut","7":"product_cat-ata-ekospun","8":"cms-has-post-thumbnail","10":"first","11":"instock","12":"shipping-taxable","13":"purchasable","14":"product-type-variable"},"_links":{"self":[{"href":"https:\/\/acsglobal.ro\/en\/wp-json\/wp\/v2\/product\/14813","targetHints":{"allow":["GET"]}}],"collection":[{"href":"https:\/\/acsglobal.ro\/en\/wp-json\/wp\/v2\/product"}],"about":[{"href":"https:\/\/acsglobal.ro\/en\/wp-json\/wp\/v2\/types\/product"}],"wp:featuredmedia":[{"embeddable":true,"href":"https:\/\/acsglobal.ro\/en\/wp-json\/wp\/v2\/media\/14812"}],"wp:attachment":[{"href":"https:\/\/acsglobal.ro\/en\/wp-json\/wp\/v2\/media?parent=14813"}],"wp:term":[{"taxonomy":"product_brand","embeddable":true,"href":"https:\/\/acsglobal.ro\/en\/wp-json\/wp\/v2\/product_brand?post=14813"},{"taxonomy":"product_cat","embeddable":true,"href":"https:\/\/acsglobal.ro\/en\/wp-json\/wp\/v2\/product_cat?post=14813"},{"taxonomy":"product_tag","embeddable":true,"href":"https:\/\/acsglobal.ro\/en\/wp-json\/wp\/v2\/product_tag?post=14813"}],"curies":[{"name":"wp","href":"https:\/\/api.w.org\/{rel}","templated":true}]}}